{"id":1692,"date":"2011-08-29T19:32:07","date_gmt":"2011-08-29T19:32:07","guid":{"rendered":"http:\/\/li-mac.org\/wp\/"},"modified":"2012-01-18T02:51:05","modified_gmt":"2012-01-18T02:51:05","slug":"%c2%bfwhat-is-painting","status":"publish","type":"page","link":"https:\/\/li-mac.org\/es\/library\/text-books-philosophy-anthropology\/book-covers\/%c2%bfwhat-is-painting\/","title":{"rendered":"\u00bfQu\u00e9 es la pintura? &#8211; Representaci\u00f3n y arte moderno"},"content":{"rendered":"<p>Esta pintura fue hecha al tama\u00f1o original del libro \u00ab\u00bfQu\u00e9 es la pintura\u00bb, escrito por el te\u00f3rico y pintor Julian Bell. El ensayo asocia periodos de la historia de la pintura en un intento de mostrar la magia de su esencia. Esta edici\u00f3n espa\u00f1ola fue publicada en 2001 por <em>Nueva Galaxia Gutenberg<\/em>.<\/p>","protected":false},"excerpt":{"rendered":"<p><strong>Biblioteca LiMAC<\/strong><br \/>\n2010<br \/>\n\u00f3leo sobre lienzo<br \/>\n21 x 13 x 3 cm.<\/p>\n","protected":false},"author":2,"featured_media":1008,"parent":1095,"menu_order":1267,"comment_status":"open","ping_status":"open","template":"image.php","meta":{"footnotes":""},"class_list":["post-1692","page","type-page","status-publish","has-post-thumbnail","hentry"],"_links":{"self":[{"href":"https:\/\/li-mac.org\/es\/wp-json\/wp\/v2\/pages\/1692","targetHints":{"allow":["GET"]}}],"collection":[{"href":"https:\/\/li-mac.org\/es\/wp-json\/wp\/v2\/pages"}],"about":[{"href":"https:\/\/li-mac.org\/es\/wp-json\/wp\/v2\/types\/page"}],"author":[{"embeddable":true,"href":"https:\/\/li-mac.org\/es\/wp-json\/wp\/v2\/users\/2"}],"replies":[{"embeddable":true,"href":"https:\/\/li-mac.org\/es\/wp-json\/wp\/v2\/comments?post=1692"}],"version-history":[{"count":12,"href":"https:\/\/li-mac.org\/es\/wp-json\/wp\/v2\/pages\/1692\/revisions"}],"predecessor-version":[{"id":11604,"href":"https:\/\/li-mac.org\/es\/wp-json\/wp\/v2\/pages\/1692\/revisions\/11604"}],"up":[{"embeddable":true,"href":"https:\/\/li-mac.org\/es\/wp-json\/wp\/v2\/pages\/1095"}],"wp:featuredmedia":[{"embeddable":true,"href":"https:\/\/li-mac.org\/es\/wp-json\/wp\/v2\/media\/1008"}],"wp:attachment":[{"href":"https:\/\/li-mac.org\/es\/wp-json\/wp\/v2\/media?parent=1692"}],"curies":[{"name":"wp","href":"https:\/\/api.w.org\/{rel}","templated":true}]}}