{"id":16920,"date":"2013-03-02T17:29:13","date_gmt":"2013-03-02T17:29:13","guid":{"rendered":"http:\/\/li-mac.org\/?page_id=16920"},"modified":"2014-12-01T12:01:50","modified_gmt":"2014-12-01T12:01:50","slug":"sobre-la-alfombra-on-the-carpet","status":"publish","type":"page","link":"https:\/\/li-mac.org\/es\/exhibitions\/temporary-exhibitions\/the-fragmented-body\/works\/sobre-la-alfombra-on-the-carpet\/","title":{"rendered":"Sobre la alfombra"},"content":{"rendered":"<p>Para la realizaci\u00f3n de este proyecto,\u00a0 se localizaron a ni\u00f1os en estado de vulnerabilidad social y econ\u00f3mica, espec\u00edficamente a ni\u00f1os que no asisten a la escuela y trabajan o viven en las calles de la ciudad de Puebla, M\u00e9xico (ciudad con unos de los \u00edndices\u00a0 m\u00e1s altos de desercci\u00f3n escolar en M\u00e9xco) a los que se les propuso intercambiar sus ropas usadas por unas nuevas.<\/p>\n<p>Con este material recolectado y en colaboraci\u00f3n con un grupo de estudiantes y maestros del\u00a0 Universitario Bauhaus y de un grupo de padres de familia de la escuela primaria Enrique Rebsamen se configuraron grupos de tejido, en donde, la actividad manual derivo en la reflexi\u00f3n sobre la situaci\u00f3n en la que se encuentra este grupo poblacional, al establecer\u00a0 el proceso de\u00a0 incluir lo que ha sido excluido.<\/p>\n<p>Busco generar un espacio de reflexi\u00f3n, haciendo una resignificaci\u00f3n de la identidad de un grupo de personas que, dadas las ideas de progreso, desarrollo y movilidad que rigen a las sociedades contempor\u00e1neas, han sido expulsadas de ellas.<\/p>\n<p><em>Gracias a:<\/em> La Pajarera espacio (Paula Natoli y Santos Cuatecontzi) \/ Universitario Bauhaus \/ Casa de la ni\u00f1ez poblana \/ Casa Hogar Rafael Hernandez Villar \/ Internado de educac\u00edon primaria Juli\u00e1n Hinojosa \/ Jard\u00edn de ni\u00f1os J.N Octavio Paz \/ Casa del sol Puebla \/ Casa de la\u00a0ni\u00f1ez\u00a0Poblana \/ Escuela primaria, Enrique C.Rebsamen<\/p>","protected":false},"excerpt":{"rendered":"<p><strong>Gina Arizpe<\/strong> <small>(Mexico, 1972)<\/small><br \/>\n2012<br \/>\nTextile<br \/>\n330 x 310 cm. <\/p>\n<p><small>(Fotos Oak Taylor-Smith<br \/>\n\/ <a href=\"http:\/\/ginaarizpe.com\/\" rel=\"external\">Cortes\u00eda del artista<\/a>)<\/small><\/p>\n","protected":false},"author":2,"featured_media":16924,"parent":16878,"menu_order":50,"comment_status":"open","ping_status":"open","template":"image.php","meta":{"footnotes":""},"class_list":["post-16920","page","type-page","status-publish","has-post-thumbnail","hentry"],"_links":{"self":[{"href":"https:\/\/li-mac.org\/es\/wp-json\/wp\/v2\/pages\/16920","targetHints":{"allow":["GET"]}}],"collection":[{"href":"https:\/\/li-mac.org\/es\/wp-json\/wp\/v2\/pages"}],"about":[{"href":"https:\/\/li-mac.org\/es\/wp-json\/wp\/v2\/types\/page"}],"author":[{"embeddable":true,"href":"https:\/\/li-mac.org\/es\/wp-json\/wp\/v2\/users\/2"}],"replies":[{"embeddable":true,"href":"https:\/\/li-mac.org\/es\/wp-json\/wp\/v2\/comments?post=16920"}],"version-history":[{"count":8,"href":"https:\/\/li-mac.org\/es\/wp-json\/wp\/v2\/pages\/16920\/revisions"}],"predecessor-version":[{"id":16930,"href":"https:\/\/li-mac.org\/es\/wp-json\/wp\/v2\/pages\/16920\/revisions\/16930"}],"up":[{"embeddable":true,"href":"https:\/\/li-mac.org\/es\/wp-json\/wp\/v2\/pages\/16878"}],"wp:featuredmedia":[{"embeddable":true,"href":"https:\/\/li-mac.org\/es\/wp-json\/wp\/v2\/media\/16924"}],"wp:attachment":[{"href":"https:\/\/li-mac.org\/es\/wp-json\/wp\/v2\/media?parent=16920"}],"curies":[{"name":"wp","href":"https:\/\/api.w.org\/{rel}","templated":true}]}}