{"id":16933,"date":"2013-03-02T18:36:52","date_gmt":"2013-03-02T18:36:52","guid":{"rendered":"http:\/\/li-mac.org\/?page_id=16933"},"modified":"2014-12-01T12:00:07","modified_gmt":"2014-12-01T12:00:07","slug":"fiercely-religious-men","status":"publish","type":"page","link":"https:\/\/li-mac.org\/es\/exhibitions\/temporary-exhibitions\/the-fragmented-body\/works\/fiercely-religious-men\/","title":{"rendered":"Hombres ferozmente religiosos"},"content":{"rendered":"<p>Este dibujo nos presenta un \u00f3rgano de iglesia del que salen huesos y dientes proyectados desde sus tuber\u00edas. Por el pedal del mismo se ve un intestino. En la esquina inferior izquierda se encuentra un cuerpo crucificado. La m\u00fasica se volvi\u00f3 instrumento de tortura donde los \u00f3rganos del cuerpo se han fragmentos en peque\u00f1os trozos record\u00e1ndonos a los huesos de los santos guardados en las iglesias.<\/p>","protected":false},"excerpt":{"rendered":"<p><strong>Christian Bagnat<\/strong> <small>(Argentina, 1971)<\/small><br \/>\n2009<br \/>\nLapiz sobre papel<br \/>\nDimensiones variables<\/p>\n<p><small>(Cortes\u00eda del artista \/ Foto Oak Taylor Smith)<\/small><\/p>\n","protected":false},"author":2,"featured_media":16934,"parent":16878,"menu_order":66,"comment_status":"open","ping_status":"open","template":"image.php","meta":{"footnotes":""},"class_list":["post-16933","page","type-page","status-publish","has-post-thumbnail","hentry"],"_links":{"self":[{"href":"https:\/\/li-mac.org\/es\/wp-json\/wp\/v2\/pages\/16933","targetHints":{"allow":["GET"]}}],"collection":[{"href":"https:\/\/li-mac.org\/es\/wp-json\/wp\/v2\/pages"}],"about":[{"href":"https:\/\/li-mac.org\/es\/wp-json\/wp\/v2\/types\/page"}],"author":[{"embeddable":true,"href":"https:\/\/li-mac.org\/es\/wp-json\/wp\/v2\/users\/2"}],"replies":[{"embeddable":true,"href":"https:\/\/li-mac.org\/es\/wp-json\/wp\/v2\/comments?post=16933"}],"version-history":[{"count":5,"href":"https:\/\/li-mac.org\/es\/wp-json\/wp\/v2\/pages\/16933\/revisions"}],"predecessor-version":[{"id":20880,"href":"https:\/\/li-mac.org\/es\/wp-json\/wp\/v2\/pages\/16933\/revisions\/20880"}],"up":[{"embeddable":true,"href":"https:\/\/li-mac.org\/es\/wp-json\/wp\/v2\/pages\/16878"}],"wp:featuredmedia":[{"embeddable":true,"href":"https:\/\/li-mac.org\/es\/wp-json\/wp\/v2\/media\/16934"}],"wp:attachment":[{"href":"https:\/\/li-mac.org\/es\/wp-json\/wp\/v2\/media?parent=16933"}],"curies":[{"name":"wp","href":"https:\/\/api.w.org\/{rel}","templated":true}]}}