{"id":16942,"date":"2013-03-02T18:54:51","date_gmt":"2013-03-02T18:54:51","guid":{"rendered":"http:\/\/li-mac.org\/?page_id=16942"},"modified":"2013-03-02T19:00:21","modified_gmt":"2013-03-02T19:00:21","slug":"deken-blanket","status":"publish","type":"page","link":"https:\/\/li-mac.org\/es\/exhibitions\/temporary-exhibitions\/the-fragmented-body\/works\/deken-blanket\/","title":{"rendered":"Deken (Manta)"},"content":{"rendered":"<p><em>Deken <\/em>desdibuja la vista y la ceguera. Se muestra c\u00f3mo la tela toma la forma del contenido que cubre. Utiliza tela para ocultar un cuerpo y s\u00f3lo dejar aparecer sus piernas. La vista de la persona parece bloqueada. No sabe qu\u00e9 est\u00e1 siendo observado, la frazada crea pliegues que revelan transparencia y una presencia fantasmal.<\/p>","protected":false},"excerpt":{"rendered":"<p><strong>Berlinde de Bruyckere<\/strong> <small>(B\u00e9lgica, 1964)<\/small><br \/>\n2005<br \/>\nAlgod\u00f3n, seda, lana<br \/>\n212 x 132 cm<br \/>\nEdici\u00f3n 161 de 500<\/p>\n<p><small><a href=\"http:\/\/www.hauserwirth.com\/\" rel=\"external\">(Cortes\u00eda Hauser and Wirth Gallery, Zurich \/ Foto: Oak Taylor-Smith)<\/a><\/small><\/p>\n","protected":false},"author":2,"featured_media":16938,"parent":16878,"menu_order":89,"comment_status":"open","ping_status":"open","template":"image.php","meta":{"footnotes":""},"class_list":["post-16942","page","type-page","status-publish","has-post-thumbnail","hentry"],"_links":{"self":[{"href":"https:\/\/li-mac.org\/es\/wp-json\/wp\/v2\/pages\/16942","targetHints":{"allow":["GET"]}}],"collection":[{"href":"https:\/\/li-mac.org\/es\/wp-json\/wp\/v2\/pages"}],"about":[{"href":"https:\/\/li-mac.org\/es\/wp-json\/wp\/v2\/types\/page"}],"author":[{"embeddable":true,"href":"https:\/\/li-mac.org\/es\/wp-json\/wp\/v2\/users\/2"}],"replies":[{"embeddable":true,"href":"https:\/\/li-mac.org\/es\/wp-json\/wp\/v2\/comments?post=16942"}],"version-history":[{"count":3,"href":"https:\/\/li-mac.org\/es\/wp-json\/wp\/v2\/pages\/16942\/revisions"}],"predecessor-version":[{"id":16946,"href":"https:\/\/li-mac.org\/es\/wp-json\/wp\/v2\/pages\/16942\/revisions\/16946"}],"up":[{"embeddable":true,"href":"https:\/\/li-mac.org\/es\/wp-json\/wp\/v2\/pages\/16878"}],"wp:featuredmedia":[{"embeddable":true,"href":"https:\/\/li-mac.org\/es\/wp-json\/wp\/v2\/media\/16938"}],"wp:attachment":[{"href":"https:\/\/li-mac.org\/es\/wp-json\/wp\/v2\/media?parent=16942"}],"curies":[{"name":"wp","href":"https:\/\/api.w.org\/{rel}","templated":true}]}}