{"id":16957,"date":"2013-03-02T19:33:51","date_gmt":"2013-03-02T19:33:51","guid":{"rendered":"http:\/\/li-mac.org\/?page_id=16957"},"modified":"2013-10-29T16:43:02","modified_gmt":"2013-10-29T16:43:02","slug":"au-bord-de-mer-to-the-sea-shore","status":"publish","type":"page","link":"https:\/\/li-mac.org\/es\/exhibitions\/temporary-exhibitions\/the-fragmented-body\/works\/au-bord-de-mer-to-the-sea-shore\/","title":{"rendered":"Au bord de mer (Al borde del mar)"},"content":{"rendered":"<p><em>Au Bord de Mer<\/em> es un recorrido por la casa E-1027 dise\u00f1ada y construida por Eileen Gray que va transformando sus espacios en un paisaje interior con una cualidad po\u00e9tica y subjetiva; una atm\u00f3sfera on\u00edrica que convive con la solidez y permanencia de los elementos que habitan y naturalizan el espacio: el mar, el sol. El sonido del agua arrastrando las piedras y la luz que ba\u00f1a el interior de la casa son una presencia inalterada por el tiempo que contrasta con los materiales del edifico envejecidos por el paso de los a\u00f1os. El lugar y las estancias se dilatan por la evocaci\u00f3n simult\u00e1nea de presencia y ausencia para irse transformando progresivamente en paisaje de memoria. Los escenarios vac\u00edos de personajes son una forma de enunciar una ausencia, una topograf\u00eda invisible, que emerge como memoria y s\u00edmbolo.<\/p>","protected":false},"excerpt":{"rendered":"<p><strong>Carmela Garc\u00eda<\/strong> <small>(Espa\u00f1a, 1964)<\/small><br \/>\n2007<br \/>\nVideo <\/p>\n<p><small><a href=\"http:\/\/www.carmelagarcia.com\/\" rel=\"external\">(Cortes\u00eda del artista)<\/a><\/small><\/p>\n","protected":false},"author":2,"featured_media":17766,"parent":16878,"menu_order":92,"comment_status":"open","ping_status":"open","template":"image.php","meta":{"footnotes":""},"class_list":["post-16957","page","type-page","status-publish","has-post-thumbnail","hentry"],"_links":{"self":[{"href":"https:\/\/li-mac.org\/es\/wp-json\/wp\/v2\/pages\/16957","targetHints":{"allow":["GET"]}}],"collection":[{"href":"https:\/\/li-mac.org\/es\/wp-json\/wp\/v2\/pages"}],"about":[{"href":"https:\/\/li-mac.org\/es\/wp-json\/wp\/v2\/types\/page"}],"author":[{"embeddable":true,"href":"https:\/\/li-mac.org\/es\/wp-json\/wp\/v2\/users\/2"}],"replies":[{"embeddable":true,"href":"https:\/\/li-mac.org\/es\/wp-json\/wp\/v2\/comments?post=16957"}],"version-history":[{"count":3,"href":"https:\/\/li-mac.org\/es\/wp-json\/wp\/v2\/pages\/16957\/revisions"}],"predecessor-version":[{"id":17779,"href":"https:\/\/li-mac.org\/es\/wp-json\/wp\/v2\/pages\/16957\/revisions\/17779"}],"up":[{"embeddable":true,"href":"https:\/\/li-mac.org\/es\/wp-json\/wp\/v2\/pages\/16878"}],"wp:featuredmedia":[{"embeddable":true,"href":"https:\/\/li-mac.org\/es\/wp-json\/wp\/v2\/media\/17766"}],"wp:attachment":[{"href":"https:\/\/li-mac.org\/es\/wp-json\/wp\/v2\/media?parent=16957"}],"curies":[{"name":"wp","href":"https:\/\/api.w.org\/{rel}","templated":true}]}}