{"id":16963,"date":"2013-03-02T19:46:12","date_gmt":"2013-03-02T19:46:12","guid":{"rendered":"http:\/\/li-mac.org\/?page_id=16963"},"modified":"2013-12-20T22:56:32","modified_gmt":"2013-12-20T22:56:32","slug":"a-worker%c2%b4s-arm-passing-through-the-ceiling-of-an-art-space-from-a-dwelling","status":"publish","type":"page","link":"https:\/\/li-mac.org\/es\/exhibitions\/temporary-exhibitions\/the-fragmented-body\/works\/a-worker%c2%b4s-arm-passing-through-the-ceiling-of-an-art-space-from-a-dwelling\/","title":{"rendered":"Brazo de un obrero atravesando el techo de una sala de arte desde una vivienda"},"content":{"rendered":"<p>Dos trabajadores fueron contratados para turnarse introduciendo su brazo derecho desde la vivienda situada en la planta superior a una sala de arte a trav\u00e9s de un hueco operado con antelaci\u00f3n. La acci\u00f3n duro tres horas.<\/p>","protected":false},"excerpt":{"rendered":"<p><strong>Santiago Sierra<\/strong> <small>(Espa\u00f1a, 1966)<\/small><br \/>\n2004<br \/>\n<small>Calle Orizaba, 160, M\u00e9xico D.F<\/small><\/p>\n<p><small><a href=\"http:\/\/www.santiago-sierra.com\/\" rel=\"external\">(Cortes\u00eda del artista)<\/a><\/small><\/p>\n","protected":false},"author":2,"featured_media":16949,"parent":16878,"menu_order":107,"comment_status":"open","ping_status":"open","template":"image.php","meta":{"footnotes":""},"class_list":["post-16963","page","type-page","status-publish","has-post-thumbnail","hentry"],"_links":{"self":[{"href":"https:\/\/li-mac.org\/es\/wp-json\/wp\/v2\/pages\/16963","targetHints":{"allow":["GET"]}}],"collection":[{"href":"https:\/\/li-mac.org\/es\/wp-json\/wp\/v2\/pages"}],"about":[{"href":"https:\/\/li-mac.org\/es\/wp-json\/wp\/v2\/types\/page"}],"author":[{"embeddable":true,"href":"https:\/\/li-mac.org\/es\/wp-json\/wp\/v2\/users\/2"}],"replies":[{"embeddable":true,"href":"https:\/\/li-mac.org\/es\/wp-json\/wp\/v2\/comments?post=16963"}],"version-history":[{"count":3,"href":"https:\/\/li-mac.org\/es\/wp-json\/wp\/v2\/pages\/16963\/revisions"}],"predecessor-version":[{"id":19030,"href":"https:\/\/li-mac.org\/es\/wp-json\/wp\/v2\/pages\/16963\/revisions\/19030"}],"up":[{"embeddable":true,"href":"https:\/\/li-mac.org\/es\/wp-json\/wp\/v2\/pages\/16878"}],"wp:featuredmedia":[{"embeddable":true,"href":"https:\/\/li-mac.org\/es\/wp-json\/wp\/v2\/media\/16949"}],"wp:attachment":[{"href":"https:\/\/li-mac.org\/es\/wp-json\/wp\/v2\/media?parent=16963"}],"curies":[{"name":"wp","href":"https:\/\/api.w.org\/{rel}","templated":true}]}}