{"id":16966,"date":"2013-03-02T23:06:45","date_gmt":"2013-03-02T23:06:45","guid":{"rendered":"http:\/\/li-mac.org\/?page_id=16966"},"modified":"2014-12-01T11:59:28","modified_gmt":"2014-12-01T11:59:28","slug":"gloria-evaporada-evaporated-glory","status":"publish","type":"page","link":"https:\/\/li-mac.org\/es\/exhibitions\/temporary-exhibitions\/the-fragmented-body\/works\/gloria-evaporada-evaporated-glory\/","title":{"rendered":"Gloria Evaporada"},"content":{"rendered":"<p>En junio de 1994 los restos de 10 personas fueron entregados por la polic\u00eda a sus familias. Meses antes hab\u00edan sido secuestrados y asesinados por un escuadr\u00f3n paramilitar, luego carbonizados con kerosene para evitar su identificaci\u00f3n. Como acto de desprecio los restos se entregaron en cajas de cart\u00f3n, la mayor\u00eda de leche Gloria.<\/p>\n<p>El 14 de junio de 1995 la dictadura de Alberto Fujimori decreta la Ley de Amnist\u00eda, los militares juzgados por este y otros cr\u00edmenes salen de la c\u00e1rcel. En la madrugada del 17 de junio pegue el collage \u00abEVAPORADOS\u00bb en la V\u00eda Expresa, frente al Estadio Nacional, con pegamento en spray.<\/p>\n<p>El 23 de junio convoque a una performance con motivo de la Marcha Nacional Contra la Impunidad. Me puse una de las cajas en la cabeza y repart\u00ed volantes que invitaban a hacer lo mismo y marchar al Congreso, lugar donde se decret\u00f3 la Ley de Amnist\u00eda. El volante denunciaba \u00abla industria estatal de evaporar gente\u00bb. La marcha dur\u00f3 varias horas, llegando cerca al Congreso al anochecer. Un cord\u00f3n policial nos imped\u00eda el paso y lanzamos las cajas sobre sus cabezas, ellos las alejaron a patadas, acerc\u00e1ndolas involuntariamente al edificio del Congreso.<\/p>\n<p>Previamente, el mes de octubre de 1994, exhibi la instalacion \u00abGloria Evaporada\u00bb en la Escuela de Arte de la Facultad de Letras y Ciencias Humanas de la Universidad Nacional Mayor de San Marcos. La invitacion para la exhibicion\u00a0 fueron serigrafias impresas sobre retazos de carton de cajas de leche Gloria.<\/p>\n<p>Durante la noche de inauguracion de la muestra un grupo de artistas improviso un ritual en donde cortaron su pelo, al cual se sumaron espontaneamente los asistentes, lo cual quedo registrado en un video.<\/p>","protected":false},"excerpt":{"rendered":"<p><strong>Eduardo Villanes<\/strong> <small>(Per\u00fa, 1967)<\/small><br \/>\n1995<br \/>\nre-impreso 2010. Carpeta 9 de 10.<br \/>\ncarpeta de 10 fotografias.<br \/>\n28 x 35.5 cm.<br \/>\n\/<br \/>\nSerigraf\u00eda sobre cart\u00f3n de cajas.<br \/>\n29.5 x 51 x 0.4cm (abierta)<br \/>\nEdici\u00f3n400 aprox<br \/>\n\/<br \/>\n1994<br \/>\nGrabaci\u00f3n en VHS, digitalizado en DVD.<br \/>\n: 2\u201926\u201d<\/p>\n<p><small><a href=\"http:\/\/www.eduardovillanes.com\/\" rel=\"external\">(Cortes\u00eda del artista)<\/a><\/small><\/p>\n","protected":false},"author":2,"featured_media":16968,"parent":16878,"menu_order":108,"comment_status":"open","ping_status":"open","template":"image.php","meta":{"footnotes":""},"class_list":["post-16966","page","type-page","status-publish","has-post-thumbnail","hentry"],"_links":{"self":[{"href":"https:\/\/li-mac.org\/es\/wp-json\/wp\/v2\/pages\/16966","targetHints":{"allow":["GET"]}}],"collection":[{"href":"https:\/\/li-mac.org\/es\/wp-json\/wp\/v2\/pages"}],"about":[{"href":"https:\/\/li-mac.org\/es\/wp-json\/wp\/v2\/types\/page"}],"author":[{"embeddable":true,"href":"https:\/\/li-mac.org\/es\/wp-json\/wp\/v2\/users\/2"}],"replies":[{"embeddable":true,"href":"https:\/\/li-mac.org\/es\/wp-json\/wp\/v2\/comments?post=16966"}],"version-history":[{"count":7,"href":"https:\/\/li-mac.org\/es\/wp-json\/wp\/v2\/pages\/16966\/revisions"}],"predecessor-version":[{"id":20878,"href":"https:\/\/li-mac.org\/es\/wp-json\/wp\/v2\/pages\/16966\/revisions\/20878"}],"up":[{"embeddable":true,"href":"https:\/\/li-mac.org\/es\/wp-json\/wp\/v2\/pages\/16878"}],"wp:featuredmedia":[{"embeddable":true,"href":"https:\/\/li-mac.org\/es\/wp-json\/wp\/v2\/media\/16968"}],"wp:attachment":[{"href":"https:\/\/li-mac.org\/es\/wp-json\/wp\/v2\/media?parent=16966"}],"curies":[{"name":"wp","href":"https:\/\/api.w.org\/{rel}","templated":true}]}}