{"id":16972,"date":"2013-03-02T23:23:02","date_gmt":"2013-03-02T23:23:02","guid":{"rendered":"http:\/\/li-mac.org\/?page_id=16972"},"modified":"2014-01-02T16:13:45","modified_gmt":"2014-01-02T16:13:45","slug":"this-part-of-every-shoe-is-good","status":"publish","type":"page","link":"https:\/\/li-mac.org\/es\/exhibitions\/temporary-exhibitions\/the-fragmented-body\/works\/this-part-of-every-shoe-is-good\/","title":{"rendered":"This Part of Every Shoe is Good (Esta parte de cada zapato es buena)"},"content":{"rendered":"<p>Un par de zapatos est\u00e1 de cara a la pared. Se han cortado por la mitad y llenado de yeso. El contenido de los zapatos se sustituy\u00f3 con material para construir paredes. La funci\u00f3n del calzado se ha cancelado ya que ning\u00fan pie encaja La otra mitad de los zapatos parece haber sido absorbida por la pared, tal vez como el castigo de la persona que los calzaba.<\/p>","protected":false},"excerpt":{"rendered":"<p><strong>Huang Yong Ping<\/strong> <small>(China, 1954)<\/small><br \/>\n1986-2008<br \/>\nZapatos, metal y yesso<br \/>\nEdici\u00f3n 30 \/ 100<\/p>\n<p><small>(Photo Oak Taylor-Smith)<\/small><\/p>\n","protected":false},"author":2,"featured_media":16974,"parent":16878,"menu_order":109,"comment_status":"open","ping_status":"open","template":"image.php","meta":{"footnotes":""},"class_list":["post-16972","page","type-page","status-publish","has-post-thumbnail","hentry"],"_links":{"self":[{"href":"https:\/\/li-mac.org\/es\/wp-json\/wp\/v2\/pages\/16972","targetHints":{"allow":["GET"]}}],"collection":[{"href":"https:\/\/li-mac.org\/es\/wp-json\/wp\/v2\/pages"}],"about":[{"href":"https:\/\/li-mac.org\/es\/wp-json\/wp\/v2\/types\/page"}],"author":[{"embeddable":true,"href":"https:\/\/li-mac.org\/es\/wp-json\/wp\/v2\/users\/2"}],"replies":[{"embeddable":true,"href":"https:\/\/li-mac.org\/es\/wp-json\/wp\/v2\/comments?post=16972"}],"version-history":[{"count":4,"href":"https:\/\/li-mac.org\/es\/wp-json\/wp\/v2\/pages\/16972\/revisions"}],"predecessor-version":[{"id":19376,"href":"https:\/\/li-mac.org\/es\/wp-json\/wp\/v2\/pages\/16972\/revisions\/19376"}],"up":[{"embeddable":true,"href":"https:\/\/li-mac.org\/es\/wp-json\/wp\/v2\/pages\/16878"}],"wp:featuredmedia":[{"embeddable":true,"href":"https:\/\/li-mac.org\/es\/wp-json\/wp\/v2\/media\/16974"}],"wp:attachment":[{"href":"https:\/\/li-mac.org\/es\/wp-json\/wp\/v2\/media?parent=16972"}],"curies":[{"name":"wp","href":"https:\/\/api.w.org\/{rel}","templated":true}]}}