{"id":16979,"date":"2013-03-02T23:41:24","date_gmt":"2013-03-02T23:41:24","guid":{"rendered":"http:\/\/li-mac.org\/?page_id=16979"},"modified":"2014-01-04T22:16:53","modified_gmt":"2014-01-04T22:16:53","slug":"oops-your-nuclear-button","status":"publish","type":"page","link":"https:\/\/li-mac.org\/es\/exhibitions\/temporary-exhibitions\/the-fragmented-body\/works\/oops-your-nuclear-button\/","title":{"rendered":"Oops ! Your nuclear button&#8230;(Oops su bot\u00f3n nuclear)"},"content":{"rendered":"<p>AFP MOS05-19950602-Neftegorsk, SAKHALIN, Russia: Las manos de una v\u00edctima del terremoto miran por una alfombra, en la que se cubri\u00f3 despu\u00e9s del rescato entre los escombros en Neftegorsk el 31 de mayo. Seg\u00fan los \u00faltimos informes de Mosc\u00fa un total de 1.175 personas han sido sacados de las ruinas hasta la ma\u00f1ana del viernes dos de junio &#8211; 404 de ellos con vida. Algunas otras 1.500 siguen desaparecidos y podr\u00edan haber muerto, inform\u00f3 el Ministerio de Situaciones de Emergencia durante la noche del jueves 01 de junio.<\/p>\n<p>AFP PHTO Vladimir MASHATIN\/kr\/mcd<\/p>\n<p>#0500A * Decod:16561 \u2013 02\/06\/95 23:48:36<\/p>\n<p>Oh, Spassiba<\/p>","protected":false},"excerpt":{"rendered":"<p><strong>Daniel Paris-Clavel<\/strong> <small>(France, 1975)<\/small><br \/>\nCirca 1995<br \/>\nCollage<br \/>\n16 X 24 cm.<\/p>\n<p><small>(Cortes\u00eda del artista)<\/small><\/p>\n","protected":false},"author":2,"featured_media":16935,"parent":16878,"menu_order":98,"comment_status":"open","ping_status":"open","template":"image.php","meta":{"footnotes":""},"class_list":["post-16979","page","type-page","status-publish","has-post-thumbnail","hentry"],"_links":{"self":[{"href":"https:\/\/li-mac.org\/es\/wp-json\/wp\/v2\/pages\/16979","targetHints":{"allow":["GET"]}}],"collection":[{"href":"https:\/\/li-mac.org\/es\/wp-json\/wp\/v2\/pages"}],"about":[{"href":"https:\/\/li-mac.org\/es\/wp-json\/wp\/v2\/types\/page"}],"author":[{"embeddable":true,"href":"https:\/\/li-mac.org\/es\/wp-json\/wp\/v2\/users\/2"}],"replies":[{"embeddable":true,"href":"https:\/\/li-mac.org\/es\/wp-json\/wp\/v2\/comments?post=16979"}],"version-history":[{"count":4,"href":"https:\/\/li-mac.org\/es\/wp-json\/wp\/v2\/pages\/16979\/revisions"}],"predecessor-version":[{"id":19696,"href":"https:\/\/li-mac.org\/es\/wp-json\/wp\/v2\/pages\/16979\/revisions\/19696"}],"up":[{"embeddable":true,"href":"https:\/\/li-mac.org\/es\/wp-json\/wp\/v2\/pages\/16878"}],"wp:featuredmedia":[{"embeddable":true,"href":"https:\/\/li-mac.org\/es\/wp-json\/wp\/v2\/media\/16935"}],"wp:attachment":[{"href":"https:\/\/li-mac.org\/es\/wp-json\/wp\/v2\/media?parent=16979"}],"curies":[{"name":"wp","href":"https:\/\/api.w.org\/{rel}","templated":true}]}}