{"id":16981,"date":"2013-03-03T17:48:02","date_gmt":"2013-03-03T17:48:02","guid":{"rendered":"http:\/\/li-mac.org\/?page_id=16981"},"modified":"2014-02-12T19:52:59","modified_gmt":"2014-02-12T19:52:59","slug":"regal-i-shelf-whatever","status":"publish","type":"page","link":"https:\/\/li-mac.org\/es\/exhibitions\/temporary-exhibitions\/the-fragmented-body\/works\/regal-i-shelf-whatever\/","title":{"rendered":"(R)egal I (Estanter\u00eda \/ da igual)"},"content":{"rendered":"<p><em>(R)egal I<\/em> es un contenedor de contenedores. La obra alude a la problem\u00e1tica de la movilidad y la inmovilidad de la escultura. (Unboceto de la escultura de la crucifixi\u00f3n de Anton Hannak y la escultura del<em> Hombre Caminando<\/em> por Fritz Wortuba aparecen juntos). Es a trav\u00e9s de los l\u00edmites y las estructuras de los contenedores que el movimiento encuentra su camino desde un espacio a otro. La obra nos refiere tambi\u00e9n al h\u00e1bitat de los animales que viven en las ciudades modernas (gatos, perros, ratones y ratas). Por ejemplo, muestra los agujeros hechos por ratas que comieron y pasaron a trav\u00e9s de una caja de leche en polvo, siendo su comida y su casa. Tambi\u00e9n nos cuenta el viaje que ha hecho una lata de calamares rusa, apacibles personajes de este bodeg\u00f3n, apacibles como los lobos de San Francisco que aparece en una tarjeta postal junto a otra de un cuadro de Giotto donde San Francisco habala con los pajaros.<\/p>","protected":false},"excerpt":{"rendered":"<p><strong> Manfred Pernice<\/strong> <small>(Alemania, 1963)<\/small><br \/>\n2010<br \/>\nMixed media<br \/>\n140 x 107 x 20 cm.<\/p>\n<p><small><a href=\"http:\/\/www.schwarzwaelder.at\/\" rel=\"external\">(Cortes\u00eda Galer\u00eda n\u00e4chst St. Stephan Rosemarie Schwarzw\u00e4lder, Vienna)<\/a><\/small><\/p>\n","protected":false},"author":2,"featured_media":16982,"parent":16878,"menu_order":99,"comment_status":"open","ping_status":"open","template":"image.php","meta":{"footnotes":""},"class_list":["post-16981","page","type-page","status-publish","has-post-thumbnail","hentry"],"_links":{"self":[{"href":"https:\/\/li-mac.org\/es\/wp-json\/wp\/v2\/pages\/16981","targetHints":{"allow":["GET"]}}],"collection":[{"href":"https:\/\/li-mac.org\/es\/wp-json\/wp\/v2\/pages"}],"about":[{"href":"https:\/\/li-mac.org\/es\/wp-json\/wp\/v2\/types\/page"}],"author":[{"embeddable":true,"href":"https:\/\/li-mac.org\/es\/wp-json\/wp\/v2\/users\/2"}],"replies":[{"embeddable":true,"href":"https:\/\/li-mac.org\/es\/wp-json\/wp\/v2\/comments?post=16981"}],"version-history":[{"count":7,"href":"https:\/\/li-mac.org\/es\/wp-json\/wp\/v2\/pages\/16981\/revisions"}],"predecessor-version":[{"id":20267,"href":"https:\/\/li-mac.org\/es\/wp-json\/wp\/v2\/pages\/16981\/revisions\/20267"}],"up":[{"embeddable":true,"href":"https:\/\/li-mac.org\/es\/wp-json\/wp\/v2\/pages\/16878"}],"wp:featuredmedia":[{"embeddable":true,"href":"https:\/\/li-mac.org\/es\/wp-json\/wp\/v2\/media\/16982"}],"wp:attachment":[{"href":"https:\/\/li-mac.org\/es\/wp-json\/wp\/v2\/media?parent=16981"}],"curies":[{"name":"wp","href":"https:\/\/api.w.org\/{rel}","templated":true}]}}