{"id":1753,"date":"2011-08-30T17:38:39","date_gmt":"2011-08-30T17:38:39","guid":{"rendered":"http:\/\/li-mac.org\/wp\/"},"modified":"2014-01-07T11:48:53","modified_gmt":"2014-01-07T11:48:53","slug":"manet-and-the-object-of-painting","status":"publish","type":"page","link":"https:\/\/li-mac.org\/es\/library\/text-books-philosophy-anthropology\/book-covers\/manet-and-the-object-of-painting\/","title":{"rendered":"La pintura de Manet"},"content":{"rendered":"<p>Esta pintura fue hecha al tama\u00f1o original del libro \u00abLa pintura de Manet\u00bb, escrito por Michel Foucault. A trav\u00e9s de los logros pict\u00f3ricos de Manet, Foucault sostiene que su pintura lleg\u00f3 a tal proximidad con la realidad que alter\u00f3 las ra\u00edces de la pintura occidental desde el Renacimiento. Esta primera edici\u00f3n espa\u00f1ola fue publicada por <em>Alpha Decay<\/em> en 2004.<\/p>","protected":false},"excerpt":{"rendered":"<p><strong>Biblioteca LiMAC<\/strong><br \/>\n2009-2010<br \/>\n\u00f3leo sobre lienzo<br \/>\n20,5 x 12,5 x 0,7 cm.<\/p>\n","protected":false},"author":2,"featured_media":1011,"parent":1095,"menu_order":1233,"comment_status":"open","ping_status":"open","template":"image.php","meta":{"footnotes":""},"class_list":["post-1753","page","type-page","status-publish","has-post-thumbnail","hentry"],"_links":{"self":[{"href":"https:\/\/li-mac.org\/es\/wp-json\/wp\/v2\/pages\/1753","targetHints":{"allow":["GET"]}}],"collection":[{"href":"https:\/\/li-mac.org\/es\/wp-json\/wp\/v2\/pages"}],"about":[{"href":"https:\/\/li-mac.org\/es\/wp-json\/wp\/v2\/types\/page"}],"author":[{"embeddable":true,"href":"https:\/\/li-mac.org\/es\/wp-json\/wp\/v2\/users\/2"}],"replies":[{"embeddable":true,"href":"https:\/\/li-mac.org\/es\/wp-json\/wp\/v2\/comments?post=1753"}],"version-history":[{"count":9,"href":"https:\/\/li-mac.org\/es\/wp-json\/wp\/v2\/pages\/1753\/revisions"}],"predecessor-version":[{"id":19800,"href":"https:\/\/li-mac.org\/es\/wp-json\/wp\/v2\/pages\/1753\/revisions\/19800"}],"up":[{"embeddable":true,"href":"https:\/\/li-mac.org\/es\/wp-json\/wp\/v2\/pages\/1095"}],"wp:featuredmedia":[{"embeddable":true,"href":"https:\/\/li-mac.org\/es\/wp-json\/wp\/v2\/media\/1011"}],"wp:attachment":[{"href":"https:\/\/li-mac.org\/es\/wp-json\/wp\/v2\/media?parent=1753"}],"curies":[{"name":"wp","href":"https:\/\/api.w.org\/{rel}","templated":true}]}}