{"id":1755,"date":"2011-08-30T17:51:10","date_gmt":"2011-08-30T17:51:10","guid":{"rendered":"http:\/\/li-mac.org\/wp\/"},"modified":"2012-01-18T22:38:37","modified_gmt":"2012-01-18T22:38:37","slug":"le-cabinet-de-l%c2%b4amateur","status":"publish","type":"page","link":"https:\/\/li-mac.org\/es\/library\/text-books-philosophy-anthropology\/book-covers\/le-cabinet-de-l%c2%b4amateur\/","title":{"rendered":"El Gabinete del amateur (Le Cabinet de l\u00b4Amateur)"},"content":{"rendered":"<p>Esta pintura fue hecha al tama\u00f1o original del libro \u00abLe Cabinet de l&#8217;Amateur\u00bb. Publicado en 1956, este cat\u00e1logo de exposici\u00f3n recuerda cuando el museo L&#8217;Orangerie de Par\u00eds se exponia como un gabinete de curiosidades.<\/p>","protected":false},"excerpt":{"rendered":"<p><strong>Biblioteca LiMAC<\/strong><br \/>\n2010<br \/>\n\u00f3leo sobre lienzo<br \/>\n18 x 13,5 x 1,5 cm.<\/p>\n","protected":false},"author":2,"featured_media":1087,"parent":1095,"menu_order":1127,"comment_status":"open","ping_status":"open","template":"image.php","meta":{"footnotes":""},"class_list":["post-1755","page","type-page","status-publish","has-post-thumbnail","hentry"],"_links":{"self":[{"href":"https:\/\/li-mac.org\/es\/wp-json\/wp\/v2\/pages\/1755","targetHints":{"allow":["GET"]}}],"collection":[{"href":"https:\/\/li-mac.org\/es\/wp-json\/wp\/v2\/pages"}],"about":[{"href":"https:\/\/li-mac.org\/es\/wp-json\/wp\/v2\/types\/page"}],"author":[{"embeddable":true,"href":"https:\/\/li-mac.org\/es\/wp-json\/wp\/v2\/users\/2"}],"replies":[{"embeddable":true,"href":"https:\/\/li-mac.org\/es\/wp-json\/wp\/v2\/comments?post=1755"}],"version-history":[{"count":7,"href":"https:\/\/li-mac.org\/es\/wp-json\/wp\/v2\/pages\/1755\/revisions"}],"predecessor-version":[{"id":11578,"href":"https:\/\/li-mac.org\/es\/wp-json\/wp\/v2\/pages\/1755\/revisions\/11578"}],"up":[{"embeddable":true,"href":"https:\/\/li-mac.org\/es\/wp-json\/wp\/v2\/pages\/1095"}],"wp:featuredmedia":[{"embeddable":true,"href":"https:\/\/li-mac.org\/es\/wp-json\/wp\/v2\/media\/1087"}],"wp:attachment":[{"href":"https:\/\/li-mac.org\/es\/wp-json\/wp\/v2\/media?parent=1755"}],"curies":[{"name":"wp","href":"https:\/\/api.w.org\/{rel}","templated":true}]}}