{"id":1760,"date":"2011-08-30T20:44:49","date_gmt":"2011-08-30T20:44:49","guid":{"rendered":"http:\/\/li-mac.org\/wp\/"},"modified":"2012-01-18T23:01:37","modified_gmt":"2012-01-18T23:01:37","slug":"history-of-madness-during-the-classicai-era-ii","status":"publish","type":"page","link":"https:\/\/li-mac.org\/es\/library\/text-books-philosophy-anthropology\/sociology\/history-of-madness-during-the-classicai-era-ii\/","title":{"rendered":"Historia de la locura en la \u00e9poca cl\u00e1sica II"},"content":{"rendered":"<p>Esta pintura fue hecha al tama\u00f1o origianl del libro \u201cHistoria de la locura\u201d, escrito por Michel Foucault. Este libro muestra el papel pol\u00edtico y psicol\u00f3gico que la locura ha jugado en la historia. Esta d\u00e9cimoprimera edici\u00f3n en castellano fue publicada en 2009 por el <em>Fondo de Cultura Econ\u00f3mica<\/em> en M\u00e9xico.<\/p>","protected":false},"excerpt":{"rendered":"<p><strong>Biblioteca LiMAC<\/strong><br \/>\n2009-2010<br \/>\n\u00f3leo sobre lienzo<br \/>\n17 x 10,5 x 2 cm.<\/p>\n","protected":false},"author":2,"featured_media":1028,"parent":3240,"menu_order":211,"comment_status":"open","ping_status":"open","template":"image.php","meta":{"footnotes":""},"class_list":["post-1760","page","type-page","status-publish","has-post-thumbnail","hentry"],"_links":{"self":[{"href":"https:\/\/li-mac.org\/es\/wp-json\/wp\/v2\/pages\/1760","targetHints":{"allow":["GET"]}}],"collection":[{"href":"https:\/\/li-mac.org\/es\/wp-json\/wp\/v2\/pages"}],"about":[{"href":"https:\/\/li-mac.org\/es\/wp-json\/wp\/v2\/types\/page"}],"author":[{"embeddable":true,"href":"https:\/\/li-mac.org\/es\/wp-json\/wp\/v2\/users\/2"}],"replies":[{"embeddable":true,"href":"https:\/\/li-mac.org\/es\/wp-json\/wp\/v2\/comments?post=1760"}],"version-history":[{"count":9,"href":"https:\/\/li-mac.org\/es\/wp-json\/wp\/v2\/pages\/1760\/revisions"}],"predecessor-version":[{"id":11675,"href":"https:\/\/li-mac.org\/es\/wp-json\/wp\/v2\/pages\/1760\/revisions\/11675"}],"up":[{"embeddable":true,"href":"https:\/\/li-mac.org\/es\/wp-json\/wp\/v2\/pages\/3240"}],"wp:featuredmedia":[{"embeddable":true,"href":"https:\/\/li-mac.org\/es\/wp-json\/wp\/v2\/media\/1028"}],"wp:attachment":[{"href":"https:\/\/li-mac.org\/es\/wp-json\/wp\/v2\/media?parent=1760"}],"curies":[{"name":"wp","href":"https:\/\/api.w.org\/{rel}","templated":true}]}}