{"id":1762,"date":"2011-08-30T20:56:50","date_gmt":"2011-08-30T20:56:50","guid":{"rendered":"http:\/\/li-mac.org\/wp\/"},"modified":"2012-01-18T03:36:15","modified_gmt":"2012-01-18T03:36:15","slug":"difference-and-repetition","status":"publish","type":"page","link":"https:\/\/li-mac.org\/es\/library\/text-books-philosophy-anthropology\/philosophy\/difference-and-repetition\/","title":{"rendered":"Diferencia y repetici\u00f3n"},"content":{"rendered":"<p>Esta pintura fue hecha al tama\u00f1o original del libro \u00abDiferencia y repetici\u00f3n\u00bb, escrito por Gilles Deleuze. En este ensayo, Deleuze analiza las diferentes formas de filosof\u00eda y muestra las similitudes de sus problem\u00e1ticas con el fin de dar luz a una filosof\u00eda m\u00e1s libre. Esta edici\u00f3n en castellano fue publicada en 2006 por <em>Amorrotru<\/em> en Argentina.<\/p>","protected":false},"excerpt":{"rendered":"<p><strong>Biblioteca LiMAC<\/strong><br \/>\n2009-2010<br \/>\n\u00f3leo sobre lienzo<br \/>\n22 x 13 x 2 cm.<\/p>\n","protected":false},"author":2,"featured_media":1018,"parent":3222,"menu_order":229,"comment_status":"open","ping_status":"open","template":"image.php","meta":{"footnotes":""},"class_list":["post-1762","page","type-page","status-publish","has-post-thumbnail","hentry"],"_links":{"self":[{"href":"https:\/\/li-mac.org\/es\/wp-json\/wp\/v2\/pages\/1762","targetHints":{"allow":["GET"]}}],"collection":[{"href":"https:\/\/li-mac.org\/es\/wp-json\/wp\/v2\/pages"}],"about":[{"href":"https:\/\/li-mac.org\/es\/wp-json\/wp\/v2\/types\/page"}],"author":[{"embeddable":true,"href":"https:\/\/li-mac.org\/es\/wp-json\/wp\/v2\/users\/2"}],"replies":[{"embeddable":true,"href":"https:\/\/li-mac.org\/es\/wp-json\/wp\/v2\/comments?post=1762"}],"version-history":[{"count":7,"href":"https:\/\/li-mac.org\/es\/wp-json\/wp\/v2\/pages\/1762\/revisions"}],"predecessor-version":[{"id":11648,"href":"https:\/\/li-mac.org\/es\/wp-json\/wp\/v2\/pages\/1762\/revisions\/11648"}],"up":[{"embeddable":true,"href":"https:\/\/li-mac.org\/es\/wp-json\/wp\/v2\/pages\/3222"}],"wp:featuredmedia":[{"embeddable":true,"href":"https:\/\/li-mac.org\/es\/wp-json\/wp\/v2\/media\/1018"}],"wp:attachment":[{"href":"https:\/\/li-mac.org\/es\/wp-json\/wp\/v2\/media?parent=1762"}],"curies":[{"name":"wp","href":"https:\/\/api.w.org\/{rel}","templated":true}]}}