{"id":1766,"date":"2011-08-30T21:08:16","date_gmt":"2011-08-30T21:08:16","guid":{"rendered":"http:\/\/li-mac.org\/wp\/"},"modified":"2012-01-18T04:08:10","modified_gmt":"2012-01-18T04:08:10","slug":"psychoanalysis-and-culture-contemporary-states-of-mind","status":"publish","type":"page","link":"https:\/\/li-mac.org\/es\/library\/text-books-philosophy-anthropology\/sociology\/psychoanalysis-and-culture-contemporary-states-of-mind\/","title":{"rendered":"Psicoan\u00e1lisis y cultura &#8211; Estados de \u00e1nimo contempor\u00e1neos"},"content":{"rendered":"<p>Esta pintura fue hecha al tama\u00f1o original del libro \u00abPsicoan\u00e1lisis y cultura\u00bb, escrito por Rosalind Minsky.\u00a0 Este libro muestra los problemas sociales a traves del psicolanalisis. Esta edici\u00f3n en castellano fue publicada en el a\u00f1o 2000 por <em>C\u00e1tedra<\/em>.<\/p>","protected":false},"excerpt":{"rendered":"<p><strong>Biblioteca LiMAC<\/strong><br \/>\n2009-2010<br \/>\n\u00f3leo sobre lienzo<br \/>\n21 x 13,5 x 1,5 cm.<\/p>\n","protected":false},"author":2,"featured_media":1034,"parent":3240,"menu_order":224,"comment_status":"open","ping_status":"open","template":"image.php","meta":{"footnotes":""},"class_list":["post-1766","page","type-page","status-publish","has-post-thumbnail","hentry"],"_links":{"self":[{"href":"https:\/\/li-mac.org\/es\/wp-json\/wp\/v2\/pages\/1766","targetHints":{"allow":["GET"]}}],"collection":[{"href":"https:\/\/li-mac.org\/es\/wp-json\/wp\/v2\/pages"}],"about":[{"href":"https:\/\/li-mac.org\/es\/wp-json\/wp\/v2\/types\/page"}],"author":[{"embeddable":true,"href":"https:\/\/li-mac.org\/es\/wp-json\/wp\/v2\/users\/2"}],"replies":[{"embeddable":true,"href":"https:\/\/li-mac.org\/es\/wp-json\/wp\/v2\/comments?post=1766"}],"version-history":[{"count":6,"href":"https:\/\/li-mac.org\/es\/wp-json\/wp\/v2\/pages\/1766\/revisions"}],"predecessor-version":[{"id":11680,"href":"https:\/\/li-mac.org\/es\/wp-json\/wp\/v2\/pages\/1766\/revisions\/11680"}],"up":[{"embeddable":true,"href":"https:\/\/li-mac.org\/es\/wp-json\/wp\/v2\/pages\/3240"}],"wp:featuredmedia":[{"embeddable":true,"href":"https:\/\/li-mac.org\/es\/wp-json\/wp\/v2\/media\/1034"}],"wp:attachment":[{"href":"https:\/\/li-mac.org\/es\/wp-json\/wp\/v2\/media?parent=1766"}],"curies":[{"name":"wp","href":"https:\/\/api.w.org\/{rel}","templated":true}]}}