{"id":1768,"date":"2011-08-30T21:11:35","date_gmt":"2011-08-30T21:11:35","guid":{"rendered":"http:\/\/li-mac.org\/wp\/"},"modified":"2013-12-13T12:06:13","modified_gmt":"2013-12-13T12:06:13","slug":"the-way-of-the-masks","status":"publish","type":"page","link":"https:\/\/li-mac.org\/es\/library\/text-books-philosophy-anthropology\/sociology\/the-way-of-the-masks\/","title":{"rendered":"El camino de las m\u00e1scaras"},"content":{"rendered":"<p>Esta pintura fue hecha al tama\u00f1o original del libro \u00abThe Way of\u00a0 the Masks\u00bb escrito por Claude L\u00e9vi-Strauss. El estudio explica como dialogan las culturas primarias de la costa noroeste de Am\u00e9rica. Esta cuarta edici\u00f3n en ingl\u00e9s fue publicada en 1999 por la <em>Universidad de Prensa de Washington.<\/em><\/p>","protected":false},"excerpt":{"rendered":"<p><strong>Biblioteca LiMAC<\/strong><br \/>\n2009-2010<br \/>\n\u00f3leo sobre lienzo<br \/>\n21 x 15 x 2 cm.<\/p>\n","protected":false},"author":2,"featured_media":1061,"parent":3240,"menu_order":923,"comment_status":"open","ping_status":"open","template":"image.php","meta":{"footnotes":""},"class_list":["post-1768","page","type-page","status-publish","has-post-thumbnail","hentry"],"_links":{"self":[{"href":"https:\/\/li-mac.org\/es\/wp-json\/wp\/v2\/pages\/1768","targetHints":{"allow":["GET"]}}],"collection":[{"href":"https:\/\/li-mac.org\/es\/wp-json\/wp\/v2\/pages"}],"about":[{"href":"https:\/\/li-mac.org\/es\/wp-json\/wp\/v2\/types\/page"}],"author":[{"embeddable":true,"href":"https:\/\/li-mac.org\/es\/wp-json\/wp\/v2\/users\/2"}],"replies":[{"embeddable":true,"href":"https:\/\/li-mac.org\/es\/wp-json\/wp\/v2\/comments?post=1768"}],"version-history":[{"count":10,"href":"https:\/\/li-mac.org\/es\/wp-json\/wp\/v2\/pages\/1768\/revisions"}],"predecessor-version":[{"id":1864,"href":"https:\/\/li-mac.org\/es\/wp-json\/wp\/v2\/pages\/1768\/revisions\/1864"}],"up":[{"embeddable":true,"href":"https:\/\/li-mac.org\/es\/wp-json\/wp\/v2\/pages\/3240"}],"wp:featuredmedia":[{"embeddable":true,"href":"https:\/\/li-mac.org\/es\/wp-json\/wp\/v2\/media\/1061"}],"wp:attachment":[{"href":"https:\/\/li-mac.org\/es\/wp-json\/wp\/v2\/media?parent=1768"}],"curies":[{"name":"wp","href":"https:\/\/api.w.org\/{rel}","templated":true}]}}