{"id":18172,"date":"2013-11-15T20:08:09","date_gmt":"2013-11-15T20:08:09","guid":{"rendered":"http:\/\/li-mac.org\/?page_id=18172"},"modified":"2013-11-18T17:20:39","modified_gmt":"2013-11-18T17:20:39","slug":"an-infinite-kiss","status":"publish","type":"page","link":"https:\/\/li-mac.org\/es\/collection\/limac-collection\/adrian-villar-rojas\/works\/an-infinite-kiss\/","title":{"rendered":"Un Beso Infinito"},"content":{"rendered":"","protected":false},"excerpt":{"rendered":"<p><strong>Adri\u00e1n Villar Rojas<\/strong> <small>(Argentina,1980)<\/small><br \/>\n2010<br \/>\nInstalaci\u00f3n<br \/>\nArcilla (sin cocer), madera, cemento y arpillera<br \/>\n1500 x 400 x 700 cm<br \/>\n<small>Exposici\u00f3n en Casas Riegner Galer\u00eda de arte, Bogot\u00e1, Colombia<\/small><\/p>\n<p><small>(Fotos \u00a9 Oscar Monsalve)<\/small><br \/>\n<small><a href=\"http:\/\/www.kurimanzutto.com\/\" rel=\"external\">(Cortes\u00eda del artista y kurimanzutto, Mexico)<\/a><\/small><\/p>\n","protected":false},"author":3,"featured_media":17807,"parent":17994,"menu_order":67,"comment_status":"open","ping_status":"open","template":"image.php","meta":{"footnotes":""},"class_list":["post-18172","page","type-page","status-publish","has-post-thumbnail","hentry"],"_links":{"self":[{"href":"https:\/\/li-mac.org\/es\/wp-json\/wp\/v2\/pages\/18172","targetHints":{"allow":["GET"]}}],"collection":[{"href":"https:\/\/li-mac.org\/es\/wp-json\/wp\/v2\/pages"}],"about":[{"href":"https:\/\/li-mac.org\/es\/wp-json\/wp\/v2\/types\/page"}],"author":[{"embeddable":true,"href":"https:\/\/li-mac.org\/es\/wp-json\/wp\/v2\/users\/3"}],"replies":[{"embeddable":true,"href":"https:\/\/li-mac.org\/es\/wp-json\/wp\/v2\/comments?post=18172"}],"version-history":[{"count":13,"href":"https:\/\/li-mac.org\/es\/wp-json\/wp\/v2\/pages\/18172\/revisions"}],"predecessor-version":[{"id":18625,"href":"https:\/\/li-mac.org\/es\/wp-json\/wp\/v2\/pages\/18172\/revisions\/18625"}],"up":[{"embeddable":true,"href":"https:\/\/li-mac.org\/es\/wp-json\/wp\/v2\/pages\/17994"}],"wp:featuredmedia":[{"embeddable":true,"href":"https:\/\/li-mac.org\/es\/wp-json\/wp\/v2\/media\/17807"}],"wp:attachment":[{"href":"https:\/\/li-mac.org\/es\/wp-json\/wp\/v2\/media?parent=18172"}],"curies":[{"name":"wp","href":"https:\/\/api.w.org\/{rel}","templated":true}]}}