{"id":18258,"date":"2013-11-16T13:15:24","date_gmt":"2013-11-16T13:15:24","guid":{"rendered":"http:\/\/li-mac.org\/?page_id=18258"},"modified":"2014-01-01T11:37:05","modified_gmt":"2014-01-01T11:37:05","slug":"poems-for-earthlings","status":"publish","type":"page","link":"https:\/\/li-mac.org\/es\/collection\/limac-collection\/adrian-villar-rojas\/works\/poems-for-earthlings\/","title":{"rendered":"Poemas para terrestres"},"content":{"rendered":"","protected":false},"excerpt":{"rendered":"<p><strong>Adri\u00e1n Villar Rojas<\/strong> <small>(Argentina,1980)<\/small><br \/>\n2011<br \/>\nEscultura -site specific-<br \/>\nArcilla (sin cocer), cemento, arpillera, metal, madera<br \/>\n9000 cm de largo, m\u00e1s un di\u00e1metro de 400 cm de ancho y 40 cm de un  di\u00e1metro m\u00e1s peque\u00f1o<br \/>\n<small>Jardin des Tuileries, Paris.<\/small><\/p>\n<p><small>(Fotos \u00a9 Marc Domage)<\/small><br \/>\n<small><a href=\"http:\/\/www.samartprojects.org\/\" rel=\"external\">(Cortes\u00eda del artista y SAM Art projects, Paris)<\/a><\/small><\/p>\n","protected":false},"author":3,"featured_media":17826,"parent":17994,"menu_order":76,"comment_status":"open","ping_status":"open","template":"image.php","meta":{"footnotes":""},"class_list":["post-18258","page","type-page","status-publish","has-post-thumbnail","hentry"],"_links":{"self":[{"href":"https:\/\/li-mac.org\/es\/wp-json\/wp\/v2\/pages\/18258","targetHints":{"allow":["GET"]}}],"collection":[{"href":"https:\/\/li-mac.org\/es\/wp-json\/wp\/v2\/pages"}],"about":[{"href":"https:\/\/li-mac.org\/es\/wp-json\/wp\/v2\/types\/page"}],"author":[{"embeddable":true,"href":"https:\/\/li-mac.org\/es\/wp-json\/wp\/v2\/users\/3"}],"replies":[{"embeddable":true,"href":"https:\/\/li-mac.org\/es\/wp-json\/wp\/v2\/comments?post=18258"}],"version-history":[{"count":17,"href":"https:\/\/li-mac.org\/es\/wp-json\/wp\/v2\/pages\/18258\/revisions"}],"predecessor-version":[{"id":19294,"href":"https:\/\/li-mac.org\/es\/wp-json\/wp\/v2\/pages\/18258\/revisions\/19294"}],"up":[{"embeddable":true,"href":"https:\/\/li-mac.org\/es\/wp-json\/wp\/v2\/pages\/17994"}],"wp:featuredmedia":[{"embeddable":true,"href":"https:\/\/li-mac.org\/es\/wp-json\/wp\/v2\/media\/17826"}],"wp:attachment":[{"href":"https:\/\/li-mac.org\/es\/wp-json\/wp\/v2\/media?parent=18258"}],"curies":[{"name":"wp","href":"https:\/\/api.w.org\/{rel}","templated":true}]}}