{"id":18335,"date":"2013-11-16T16:35:16","date_gmt":"2013-11-16T16:35:16","guid":{"rendered":"http:\/\/li-mac.org\/?page_id=18335"},"modified":"2013-11-16T16:45:33","modified_gmt":"2013-11-16T16:45:33","slug":"the-rite-of-spring","status":"publish","type":"page","link":"https:\/\/li-mac.org\/es\/collection\/limac-collection\/eugenio-espinoza\/works\/the-rite-of-spring\/","title":{"rendered":"La consagraci\u00f3n de la primavera"},"content":{"rendered":"","protected":false},"excerpt":{"rendered":"<p><strong>Eugenio Espinoza<\/strong> <small>(Venezuela, 1950)<\/small><br \/>\n1977\/2008<br \/>\nAcr\u00edlico sobre lienzo, ropa, ollas, sartenes, juguetes, granos de caf\u00e9 y m\u00fasica de Stravinsky La consagraci\u00f3n de la primavera<br \/>\ndimensiones variables<\/p>\n<p><small><a href=\"http:\/\/www.silva-espinoza.com\/ftp.silva-espinoza.com\/EugenioEspinoza.html\" rel=\"external\">(Cortesia del artista)<\/a><\/small><\/p>\n","protected":false},"author":2,"featured_media":18301,"parent":18279,"menu_order":41,"comment_status":"open","ping_status":"open","template":"image.php","meta":{"footnotes":""},"class_list":["post-18335","page","type-page","status-publish","has-post-thumbnail","hentry"],"_links":{"self":[{"href":"https:\/\/li-mac.org\/es\/wp-json\/wp\/v2\/pages\/18335","targetHints":{"allow":["GET"]}}],"collection":[{"href":"https:\/\/li-mac.org\/es\/wp-json\/wp\/v2\/pages"}],"about":[{"href":"https:\/\/li-mac.org\/es\/wp-json\/wp\/v2\/types\/page"}],"author":[{"embeddable":true,"href":"https:\/\/li-mac.org\/es\/wp-json\/wp\/v2\/users\/2"}],"replies":[{"embeddable":true,"href":"https:\/\/li-mac.org\/es\/wp-json\/wp\/v2\/comments?post=18335"}],"version-history":[{"count":3,"href":"https:\/\/li-mac.org\/es\/wp-json\/wp\/v2\/pages\/18335\/revisions"}],"predecessor-version":[{"id":18338,"href":"https:\/\/li-mac.org\/es\/wp-json\/wp\/v2\/pages\/18335\/revisions\/18338"}],"up":[{"embeddable":true,"href":"https:\/\/li-mac.org\/es\/wp-json\/wp\/v2\/pages\/18279"}],"wp:featuredmedia":[{"embeddable":true,"href":"https:\/\/li-mac.org\/es\/wp-json\/wp\/v2\/media\/18301"}],"wp:attachment":[{"href":"https:\/\/li-mac.org\/es\/wp-json\/wp\/v2\/media?parent=18335"}],"curies":[{"name":"wp","href":"https:\/\/api.w.org\/{rel}","templated":true}]}}