{"id":18503,"date":"2013-11-17T10:09:29","date_gmt":"2013-11-17T10:09:29","guid":{"rendered":"http:\/\/li-mac.org\/?page_id=18503"},"modified":"2014-01-01T12:03:31","modified_gmt":"2014-01-01T12:03:31","slug":"what-fire-has-brought-to-me-film","status":"publish","type":"page","link":"https:\/\/li-mac.org\/es\/collection\/limac-collection\/adrian-villar-rojas\/works\/what-fire-has-brought-to-me-film\/","title":{"rendered":"Lo que el fuego me trajo -Pel\u00edcula-"},"content":{"rendered":"<p>Sinopsis: Un pu\u00f1ado de hombres y mujeres trabaja sin parar en una casa cercada por la selva. No hablan, s\u00f3lo se preparan; parece no haber fin para sus tareas, cada uno se mueve como si supiera exactamente lo que tiene que hacer, como si respondiera compulsivamente a un\u00a0dise\u00f1o\u00a0t\u00e1cito de acciones.\u00a0Gobernados por un impulso desconocido, comunicados por una incierta telepat\u00eda, sumidos para siempre en una ciega labor. Entre una construcci\u00f3n de un rodaje\u00a0y la preparaci\u00f3n de un grupo humano antes del fin del mundo, se abre un relato abstracto sobre el trabajo f\u00edsico.<\/p>","protected":false},"excerpt":{"rendered":"<p><strong>Adri\u00e1n Villar Rojas<\/strong> <small>(Argentina,1980)<\/small><br \/>\n2013<br \/>\nPel\u00edcula<\/p>\n","protected":false},"author":3,"featured_media":17853,"parent":17994,"menu_order":100,"comment_status":"open","ping_status":"open","template":"image.php","meta":{"footnotes":""},"class_list":["post-18503","page","type-page","status-publish","has-post-thumbnail","hentry"],"_links":{"self":[{"href":"https:\/\/li-mac.org\/es\/wp-json\/wp\/v2\/pages\/18503","targetHints":{"allow":["GET"]}}],"collection":[{"href":"https:\/\/li-mac.org\/es\/wp-json\/wp\/v2\/pages"}],"about":[{"href":"https:\/\/li-mac.org\/es\/wp-json\/wp\/v2\/types\/page"}],"author":[{"embeddable":true,"href":"https:\/\/li-mac.org\/es\/wp-json\/wp\/v2\/users\/3"}],"replies":[{"embeddable":true,"href":"https:\/\/li-mac.org\/es\/wp-json\/wp\/v2\/comments?post=18503"}],"version-history":[{"count":16,"href":"https:\/\/li-mac.org\/es\/wp-json\/wp\/v2\/pages\/18503\/revisions"}],"predecessor-version":[{"id":18683,"href":"https:\/\/li-mac.org\/es\/wp-json\/wp\/v2\/pages\/18503\/revisions\/18683"}],"up":[{"embeddable":true,"href":"https:\/\/li-mac.org\/es\/wp-json\/wp\/v2\/pages\/17994"}],"wp:featuredmedia":[{"embeddable":true,"href":"https:\/\/li-mac.org\/es\/wp-json\/wp\/v2\/media\/17853"}],"wp:attachment":[{"href":"https:\/\/li-mac.org\/es\/wp-json\/wp\/v2\/media?parent=18503"}],"curies":[{"name":"wp","href":"https:\/\/api.w.org\/{rel}","templated":true}]}}