{"id":18512,"date":"2013-11-17T10:40:08","date_gmt":"2013-11-17T10:40:08","guid":{"rendered":"http:\/\/li-mac.org\/?page_id=18512"},"modified":"2015-01-27T15:56:13","modified_gmt":"2015-01-27T15:56:13","slug":"the-innocence-of-animals","status":"publish","type":"page","link":"https:\/\/li-mac.org\/es\/collection\/limac-collection\/adrian-villar-rojas\/works\/the-innocence-of-animals\/","title":{"rendered":"La inocencia de los animales"},"content":{"rendered":"<p>Al hablar de su obra, Villar Rojas plantea: \u00abLo que yo quiero hacer es trabajar como si yo no fuera un ser humano. Como si la especie humana no existiese m\u00e1s. Quiero decir, por lo que sabemos, desde hace 6.000 a\u00f1os luz a nuestro alrededor, los \u00fanicos seres que est\u00e1n produciendo \u00a0s\u00edmbolos, que est\u00e1n pensando en los planetas del universo, son los seres humanos. As\u00ed que cuando los seres humanos desaparezcan de la faz de la tierra, entonces no habr\u00e1 m\u00e1s arte. \u00bfQu\u00e9 podr\u00eda hacerse en esos \u00faltimos momentos? \u00bfC\u00f3mo ser\u00eda la \u00faltima obra de arte ? \u00ab<\/p>","protected":false},"excerpt":{"rendered":"<p><strong>Adri\u00e1n Villar Rojas <\/strong> <small>(Argentina, 1980)<\/small><br \/>\n2013<br \/>\nInstalaci\u00f3n<br \/>\nArcilla (sin cocer), cemento, arpillera, metal, madera<br \/>\nDimensiones variables<\/p>\n<p><small>(Photos \u00a9 Matthew Septimus)<br \/>\nEXPO 1: Nueva York\u00a0en MoMA PS1, Nueva York EEUU<\/small><\/p>\n<p><small><a href=\"http:\/\/www.mariangoodman.com\/artists\/adrin-villar-rojas\/\/\" rel=\"external\">(Cortes\u00eda del artista y Marian Goodman Gallery, Nueva York \/ Par\u00eds y Kurimanzutto, Ciudad de M\u00e9xico)<\/a> <\/small><\/p>\n","protected":false},"author":3,"featured_media":17854,"parent":17994,"menu_order":101,"comment_status":"open","ping_status":"open","template":"image.php","meta":{"footnotes":""},"class_list":["post-18512","page","type-page","status-publish","has-post-thumbnail","hentry"],"_links":{"self":[{"href":"https:\/\/li-mac.org\/es\/wp-json\/wp\/v2\/pages\/18512","targetHints":{"allow":["GET"]}}],"collection":[{"href":"https:\/\/li-mac.org\/es\/wp-json\/wp\/v2\/pages"}],"about":[{"href":"https:\/\/li-mac.org\/es\/wp-json\/wp\/v2\/types\/page"}],"author":[{"embeddable":true,"href":"https:\/\/li-mac.org\/es\/wp-json\/wp\/v2\/users\/3"}],"replies":[{"embeddable":true,"href":"https:\/\/li-mac.org\/es\/wp-json\/wp\/v2\/comments?post=18512"}],"version-history":[{"count":20,"href":"https:\/\/li-mac.org\/es\/wp-json\/wp\/v2\/pages\/18512\/revisions"}],"predecessor-version":[{"id":20991,"href":"https:\/\/li-mac.org\/es\/wp-json\/wp\/v2\/pages\/18512\/revisions\/20991"}],"up":[{"embeddable":true,"href":"https:\/\/li-mac.org\/es\/wp-json\/wp\/v2\/pages\/17994"}],"wp:featuredmedia":[{"embeddable":true,"href":"https:\/\/li-mac.org\/es\/wp-json\/wp\/v2\/media\/17854"}],"wp:attachment":[{"href":"https:\/\/li-mac.org\/es\/wp-json\/wp\/v2\/media?parent=18512"}],"curies":[{"name":"wp","href":"https:\/\/api.w.org\/{rel}","templated":true}]}}