{"id":1866,"date":"2011-08-31T09:19:50","date_gmt":"2011-08-31T09:19:50","guid":{"rendered":"http:\/\/li-mac.org\/wp\/"},"modified":"2012-01-18T02:52:04","modified_gmt":"2012-01-18T02:52:04","slug":"women-artists-at-the-millennium","status":"publish","type":"page","link":"https:\/\/li-mac.org\/es\/library\/text-books-philosophy-anthropology\/book-covers\/women-artists-at-the-millennium\/","title":{"rendered":"Mujeres artistas en el milenium"},"content":{"rendered":"<p>Esta pintura fue hecha al tama\u00f1o original del libro \u00abMujeres Artistas en el nuevo milenio\u00bb, editado por Carol Armstrong y Catalina de Zegher. La publicaci\u00f3n re\u00fane textos que analizan la herencia del feminismo y la teor\u00eda cr\u00edtica al final del siglo XX a trav\u00e9s de las obras de artistas como Agnes Martin, Eva Hess, Lygia Clark, Martha Rosler, Rachel Whiteread, Rosemarie Trockel, Ettinger Bracha, Anna Maria Maiolina, Mona Hatoum o Louise Bourgeois. Esta edici\u00f3n en ingl\u00e9s fue publicada en 2006 por <em>MIT Press<\/em>.<\/p>","protected":false},"excerpt":{"rendered":"<p><strong>Biblioteca LiMAC<\/strong><br \/>\n2009-2010<br \/>\n\u00f3leo sobre lienzo<br \/>\n23,5 x 18,5 x 3 cm.<\/p>\n","protected":false},"author":2,"featured_media":1025,"parent":1095,"menu_order":1268,"comment_status":"open","ping_status":"open","template":"image.php","meta":{"footnotes":""},"class_list":["post-1866","page","type-page","status-publish","has-post-thumbnail","hentry"],"_links":{"self":[{"href":"https:\/\/li-mac.org\/es\/wp-json\/wp\/v2\/pages\/1866","targetHints":{"allow":["GET"]}}],"collection":[{"href":"https:\/\/li-mac.org\/es\/wp-json\/wp\/v2\/pages"}],"about":[{"href":"https:\/\/li-mac.org\/es\/wp-json\/wp\/v2\/types\/page"}],"author":[{"embeddable":true,"href":"https:\/\/li-mac.org\/es\/wp-json\/wp\/v2\/users\/2"}],"replies":[{"embeddable":true,"href":"https:\/\/li-mac.org\/es\/wp-json\/wp\/v2\/comments?post=1866"}],"version-history":[{"count":9,"href":"https:\/\/li-mac.org\/es\/wp-json\/wp\/v2\/pages\/1866\/revisions"}],"predecessor-version":[{"id":1868,"href":"https:\/\/li-mac.org\/es\/wp-json\/wp\/v2\/pages\/1866\/revisions\/1868"}],"up":[{"embeddable":true,"href":"https:\/\/li-mac.org\/es\/wp-json\/wp\/v2\/pages\/1095"}],"wp:featuredmedia":[{"embeddable":true,"href":"https:\/\/li-mac.org\/es\/wp-json\/wp\/v2\/media\/1025"}],"wp:attachment":[{"href":"https:\/\/li-mac.org\/es\/wp-json\/wp\/v2\/media?parent=1866"}],"curies":[{"name":"wp","href":"https:\/\/api.w.org\/{rel}","templated":true}]}}