{"id":1877,"date":"2011-08-31T10:08:27","date_gmt":"2011-08-31T10:08:27","guid":{"rendered":"http:\/\/li-mac.org\/wp\/"},"modified":"2014-11-10T11:21:51","modified_gmt":"2014-11-10T11:21:51","slug":"mythologies","status":"publish","type":"page","link":"https:\/\/li-mac.org\/es\/library\/text-books-philosophy-anthropology\/sociology\/mythologies\/","title":{"rendered":"Mitolog\u00edas"},"content":{"rendered":"<p>Esta pintura fue hecha al tama\u00f1o original del libro \u00abMitolog\u00edas\u00bb, escrito por Roland Barthes. Esta obra cl\u00e1sica analiza el mundo de la posguerra y sus mitolog\u00edas mediante estupendos aforismos. Esta edici\u00f3n francesa fue publicada por <em>Seuil<\/em>.<\/p>","protected":false},"excerpt":{"rendered":"<p><strong>Biblioteca LiMAC<\/strong><br \/>\n2009-2010<br \/>\n\u00f3leo sobre lienzo<br \/>\n18 x 11 x 1,5 cm.<\/p>\n","protected":false},"author":2,"featured_media":1080,"parent":3240,"menu_order":217,"comment_status":"open","ping_status":"open","template":"image.php","meta":{"footnotes":""},"class_list":["post-1877","page","type-page","status-publish","has-post-thumbnail","hentry"],"_links":{"self":[{"href":"https:\/\/li-mac.org\/es\/wp-json\/wp\/v2\/pages\/1877","targetHints":{"allow":["GET"]}}],"collection":[{"href":"https:\/\/li-mac.org\/es\/wp-json\/wp\/v2\/pages"}],"about":[{"href":"https:\/\/li-mac.org\/es\/wp-json\/wp\/v2\/types\/page"}],"author":[{"embeddable":true,"href":"https:\/\/li-mac.org\/es\/wp-json\/wp\/v2\/users\/2"}],"replies":[{"embeddable":true,"href":"https:\/\/li-mac.org\/es\/wp-json\/wp\/v2\/comments?post=1877"}],"version-history":[{"count":7,"href":"https:\/\/li-mac.org\/es\/wp-json\/wp\/v2\/pages\/1877\/revisions"}],"predecessor-version":[{"id":20867,"href":"https:\/\/li-mac.org\/es\/wp-json\/wp\/v2\/pages\/1877\/revisions\/20867"}],"up":[{"embeddable":true,"href":"https:\/\/li-mac.org\/es\/wp-json\/wp\/v2\/pages\/3240"}],"wp:featuredmedia":[{"embeddable":true,"href":"https:\/\/li-mac.org\/es\/wp-json\/wp\/v2\/media\/1080"}],"wp:attachment":[{"href":"https:\/\/li-mac.org\/es\/wp-json\/wp\/v2\/media?parent=1877"}],"curies":[{"name":"wp","href":"https:\/\/api.w.org\/{rel}","templated":true}]}}