{"id":1882,"date":"2011-08-31T10:43:32","date_gmt":"2011-08-31T10:43:32","guid":{"rendered":"http:\/\/li-mac.org\/wp\/"},"modified":"2012-01-18T04:09:38","modified_gmt":"2012-01-18T04:09:38","slug":"what-art-brings-to-sociology","status":"publish","type":"page","link":"https:\/\/li-mac.org\/es\/library\/text-books-philosophy-anthropology\/sociology\/what-art-brings-to-sociology\/","title":{"rendered":"Lo que el arte aporta a la sociolog\u00eda"},"content":{"rendered":"<p>Esta pintura fue hecha al tama\u00f1o original del libro \u00abLo que el arte aporta a la sociolog\u00eda\u00bb, escrito por Nathalie Heinich. El libro analiza las estructuras y m\u00e9todos de las artes con el fin de establecer nuevas perspectivas para la sociolog\u00eda. Esta edici\u00f3n en castellano fue publicada en 2001 por <em>Conaculta<\/em> en M\u00e9xico.<\/p>","protected":false},"excerpt":{"rendered":"<p><strong>Biblioteca LiMAC<\/strong><br \/>\n2009-2010<br \/>\n\u00f3leo sobre lienzo<br \/>\n21 x 13,5 x 0,7 cm.<\/p>\n","protected":false},"author":2,"featured_media":1069,"parent":3240,"menu_order":224,"comment_status":"open","ping_status":"open","template":"image.php","meta":{"footnotes":""},"class_list":["post-1882","page","type-page","status-publish","has-post-thumbnail","hentry"],"_links":{"self":[{"href":"https:\/\/li-mac.org\/es\/wp-json\/wp\/v2\/pages\/1882","targetHints":{"allow":["GET"]}}],"collection":[{"href":"https:\/\/li-mac.org\/es\/wp-json\/wp\/v2\/pages"}],"about":[{"href":"https:\/\/li-mac.org\/es\/wp-json\/wp\/v2\/types\/page"}],"author":[{"embeddable":true,"href":"https:\/\/li-mac.org\/es\/wp-json\/wp\/v2\/users\/2"}],"replies":[{"embeddable":true,"href":"https:\/\/li-mac.org\/es\/wp-json\/wp\/v2\/comments?post=1882"}],"version-history":[{"count":5,"href":"https:\/\/li-mac.org\/es\/wp-json\/wp\/v2\/pages\/1882\/revisions"}],"predecessor-version":[{"id":11682,"href":"https:\/\/li-mac.org\/es\/wp-json\/wp\/v2\/pages\/1882\/revisions\/11682"}],"up":[{"embeddable":true,"href":"https:\/\/li-mac.org\/es\/wp-json\/wp\/v2\/pages\/3240"}],"wp:featuredmedia":[{"embeddable":true,"href":"https:\/\/li-mac.org\/es\/wp-json\/wp\/v2\/media\/1069"}],"wp:attachment":[{"href":"https:\/\/li-mac.org\/es\/wp-json\/wp\/v2\/media?parent=1882"}],"curies":[{"name":"wp","href":"https:\/\/api.w.org\/{rel}","templated":true}]}}