{"id":1884,"date":"2011-08-31T11:06:17","date_gmt":"2011-08-31T11:06:17","guid":{"rendered":"http:\/\/li-mac.org\/wp\/"},"modified":"2012-01-18T02:35:40","modified_gmt":"2012-01-18T02:35:40","slug":"collages","status":"publish","type":"page","link":"https:\/\/li-mac.org\/es\/library\/text-books-philosophy-anthropology\/book-covers\/collages\/","title":{"rendered":"Les collages (Los collages)"},"content":{"rendered":"<p>Esta pintura fue hecha al tama\u00f1o original del libro \u00abLes collages\u00bb, escrito por Louis Aragon. A trav\u00e9s de las obras de Picasso, Braque, Max Ernst o Adolf Hoffmeister, Arag\u00f3n afirma que la t\u00e9cnica del collage es una expansi\u00f3n de la realidad. La primera edici\u00f3n fue publicada en 1965. Esta edici\u00f3n francesa fue editada en 2003 por <em>Hermann<\/em>.<\/p>","protected":false},"excerpt":{"rendered":"<p><strong>Biblioteca LiMAC<\/strong><br \/>\n2009-2010<br \/>\n\u00f3leo sobre lienzo<br \/>\n21 x 15 x 1 cm.<\/p>\n","protected":false},"author":2,"featured_media":1054,"parent":1095,"menu_order":1132,"comment_status":"open","ping_status":"open","template":"image.php","meta":{"footnotes":""},"class_list":["post-1884","page","type-page","status-publish","has-post-thumbnail","hentry"],"_links":{"self":[{"href":"https:\/\/li-mac.org\/es\/wp-json\/wp\/v2\/pages\/1884","targetHints":{"allow":["GET"]}}],"collection":[{"href":"https:\/\/li-mac.org\/es\/wp-json\/wp\/v2\/pages"}],"about":[{"href":"https:\/\/li-mac.org\/es\/wp-json\/wp\/v2\/types\/page"}],"author":[{"embeddable":true,"href":"https:\/\/li-mac.org\/es\/wp-json\/wp\/v2\/users\/2"}],"replies":[{"embeddable":true,"href":"https:\/\/li-mac.org\/es\/wp-json\/wp\/v2\/comments?post=1884"}],"version-history":[{"count":7,"href":"https:\/\/li-mac.org\/es\/wp-json\/wp\/v2\/pages\/1884\/revisions"}],"predecessor-version":[{"id":11585,"href":"https:\/\/li-mac.org\/es\/wp-json\/wp\/v2\/pages\/1884\/revisions\/11585"}],"up":[{"embeddable":true,"href":"https:\/\/li-mac.org\/es\/wp-json\/wp\/v2\/pages\/1095"}],"wp:featuredmedia":[{"embeddable":true,"href":"https:\/\/li-mac.org\/es\/wp-json\/wp\/v2\/media\/1054"}],"wp:attachment":[{"href":"https:\/\/li-mac.org\/es\/wp-json\/wp\/v2\/media?parent=1884"}],"curies":[{"name":"wp","href":"https:\/\/api.w.org\/{rel}","templated":true}]}}