{"id":1886,"date":"2011-08-31T11:27:09","date_gmt":"2011-08-31T11:27:09","guid":{"rendered":"http:\/\/li-mac.org\/wp\/"},"modified":"2012-01-18T03:20:17","modified_gmt":"2012-01-18T03:20:17","slug":"visual-display-culture-beyond-appearances","status":"publish","type":"page","link":"https:\/\/li-mac.org\/es\/library\/text-books-philosophy-anthropology\/cultural-theory\/visual-display-culture-beyond-appearances\/","title":{"rendered":"Disposici\u00f3n visual &#8211; Cultura mas all\u00e1 de las apariencias"},"content":{"rendered":"<p>Esta pintura fue hecha al tama\u00f1o original del libro \u00abVisual Display\u00bb, editado por Lynne Cooke y Peter Wollen. Una serie de ensayos analizan las maneras en que campos diferentes como los estudios de medicina, la econom\u00eda o los museos exhiben sus im\u00e1genes. La edici\u00f3n fue publicada en 1998 por <em>New Press printing<\/em>.<\/p>","protected":false},"excerpt":{"rendered":"<p><strong>Biblioteca LiMAC<\/strong><br \/>\n2009-2010<br \/>\n\u00f3leo sobre lienzo<br \/>\n21,5 x 15 x 2,5 cm.<\/p>\n","protected":false},"author":2,"featured_media":1055,"parent":3264,"menu_order":880,"comment_status":"open","ping_status":"open","template":"image.php","meta":{"footnotes":""},"class_list":["post-1886","page","type-page","status-publish","has-post-thumbnail","hentry"],"_links":{"self":[{"href":"https:\/\/li-mac.org\/es\/wp-json\/wp\/v2\/pages\/1886","targetHints":{"allow":["GET"]}}],"collection":[{"href":"https:\/\/li-mac.org\/es\/wp-json\/wp\/v2\/pages"}],"about":[{"href":"https:\/\/li-mac.org\/es\/wp-json\/wp\/v2\/types\/page"}],"author":[{"embeddable":true,"href":"https:\/\/li-mac.org\/es\/wp-json\/wp\/v2\/users\/2"}],"replies":[{"embeddable":true,"href":"https:\/\/li-mac.org\/es\/wp-json\/wp\/v2\/comments?post=1886"}],"version-history":[{"count":7,"href":"https:\/\/li-mac.org\/es\/wp-json\/wp\/v2\/pages\/1886\/revisions"}],"predecessor-version":[{"id":11636,"href":"https:\/\/li-mac.org\/es\/wp-json\/wp\/v2\/pages\/1886\/revisions\/11636"}],"up":[{"embeddable":true,"href":"https:\/\/li-mac.org\/es\/wp-json\/wp\/v2\/pages\/3264"}],"wp:featuredmedia":[{"embeddable":true,"href":"https:\/\/li-mac.org\/es\/wp-json\/wp\/v2\/media\/1055"}],"wp:attachment":[{"href":"https:\/\/li-mac.org\/es\/wp-json\/wp\/v2\/media?parent=1886"}],"curies":[{"name":"wp","href":"https:\/\/api.w.org\/{rel}","templated":true}]}}