{"id":1888,"date":"2011-08-31T11:39:41","date_gmt":"2011-08-31T11:39:41","guid":{"rendered":"http:\/\/li-mac.org\/wp\/"},"modified":"2012-01-18T22:34:05","modified_gmt":"2012-01-18T22:34:05","slug":"the-art-fair-age","status":"publish","type":"page","link":"https:\/\/li-mac.org\/es\/library\/text-books-philosophy-anthropology\/book-covers\/the-art-fair-age\/","title":{"rendered":"La era de las ferias"},"content":{"rendered":"<p>Esta pintura fue hecha al tama\u00f1o original del libro \u00abLa era de las ferias\u00bb, escrito por el comisario independiente Paco Barrag\u00e1n. El estudio ofrece una visi\u00f3n general sobre las din\u00e1micas de las ferias de arte. Esta publicaci\u00f3n fue impresa tanto en Ingl\u00e9s y en espa\u00f1ol en 2008 por <em>Charta<\/em> en Italia.<\/p>","protected":false},"excerpt":{"rendered":"<p><strong>Biblioteca LiMAC<\/strong><br \/>\n2009-2010<br \/>\n\u00f3leo sobre lienzo<br \/>\n21,5 x 17 x  2 cm.<\/p>\n","protected":false},"author":2,"featured_media":1077,"parent":1095,"menu_order":1102,"comment_status":"open","ping_status":"open","template":"image.php","meta":{"footnotes":""},"class_list":["post-1888","page","type-page","status-publish","has-post-thumbnail","hentry"],"_links":{"self":[{"href":"https:\/\/li-mac.org\/es\/wp-json\/wp\/v2\/pages\/1888","targetHints":{"allow":["GET"]}}],"collection":[{"href":"https:\/\/li-mac.org\/es\/wp-json\/wp\/v2\/pages"}],"about":[{"href":"https:\/\/li-mac.org\/es\/wp-json\/wp\/v2\/types\/page"}],"author":[{"embeddable":true,"href":"https:\/\/li-mac.org\/es\/wp-json\/wp\/v2\/users\/2"}],"replies":[{"embeddable":true,"href":"https:\/\/li-mac.org\/es\/wp-json\/wp\/v2\/comments?post=1888"}],"version-history":[{"count":8,"href":"https:\/\/li-mac.org\/es\/wp-json\/wp\/v2\/pages\/1888\/revisions"}],"predecessor-version":[{"id":12182,"href":"https:\/\/li-mac.org\/es\/wp-json\/wp\/v2\/pages\/1888\/revisions\/12182"}],"up":[{"embeddable":true,"href":"https:\/\/li-mac.org\/es\/wp-json\/wp\/v2\/pages\/1095"}],"wp:featuredmedia":[{"embeddable":true,"href":"https:\/\/li-mac.org\/es\/wp-json\/wp\/v2\/media\/1077"}],"wp:attachment":[{"href":"https:\/\/li-mac.org\/es\/wp-json\/wp\/v2\/media?parent=1888"}],"curies":[{"name":"wp","href":"https:\/\/api.w.org\/{rel}","templated":true}]}}