{"id":1890,"date":"2011-08-31T11:48:25","date_gmt":"2011-08-31T11:48:25","guid":{"rendered":"http:\/\/li-mac.org\/wp\/"},"modified":"2012-01-18T22:41:06","modified_gmt":"2012-01-18T22:41:06","slug":"the-truth-in-painting","status":"publish","type":"page","link":"https:\/\/li-mac.org\/es\/library\/text-books-philosophy-anthropology\/book-covers\/the-truth-in-painting\/","title":{"rendered":"La verdad en pintura"},"content":{"rendered":"<p>Esta pintura fue hecha al tama\u00f1o original del libro \u00abLa verdad en pintura\u00bb, escrito por Jacques Derrida. El libro se centra como la pintura se convirti\u00f3 en una representaci\u00f3n de la verdad. Esta edici\u00f3n en castellano fue publicada en 2001 por <em>Paid\u00f3s<\/em>.<\/p>","protected":false},"excerpt":{"rendered":"<p><strong>Biblioteca LiMAC<\/strong><br \/>\n2009-2010<br \/>\n\u00f3leo sobre lienzo<br \/>\n23 x 15,5 x 2,5 cm.<\/p>\n","protected":false},"author":2,"featured_media":1043,"parent":1095,"menu_order":1257,"comment_status":"open","ping_status":"open","template":"image.php","meta":{"footnotes":""},"class_list":["post-1890","page","type-page","status-publish","has-post-thumbnail","hentry"],"_links":{"self":[{"href":"https:\/\/li-mac.org\/es\/wp-json\/wp\/v2\/pages\/1890","targetHints":{"allow":["GET"]}}],"collection":[{"href":"https:\/\/li-mac.org\/es\/wp-json\/wp\/v2\/pages"}],"about":[{"href":"https:\/\/li-mac.org\/es\/wp-json\/wp\/v2\/types\/page"}],"author":[{"embeddable":true,"href":"https:\/\/li-mac.org\/es\/wp-json\/wp\/v2\/users\/2"}],"replies":[{"embeddable":true,"href":"https:\/\/li-mac.org\/es\/wp-json\/wp\/v2\/comments?post=1890"}],"version-history":[{"count":7,"href":"https:\/\/li-mac.org\/es\/wp-json\/wp\/v2\/pages\/1890\/revisions"}],"predecessor-version":[{"id":12187,"href":"https:\/\/li-mac.org\/es\/wp-json\/wp\/v2\/pages\/1890\/revisions\/12187"}],"up":[{"embeddable":true,"href":"https:\/\/li-mac.org\/es\/wp-json\/wp\/v2\/pages\/1095"}],"wp:featuredmedia":[{"embeddable":true,"href":"https:\/\/li-mac.org\/es\/wp-json\/wp\/v2\/media\/1043"}],"wp:attachment":[{"href":"https:\/\/li-mac.org\/es\/wp-json\/wp\/v2\/media?parent=1890"}],"curies":[{"name":"wp","href":"https:\/\/api.w.org\/{rel}","templated":true}]}}