{"id":1892,"date":"2011-08-31T11:55:03","date_gmt":"2011-08-31T11:55:03","guid":{"rendered":"http:\/\/li-mac.org\/wp\/"},"modified":"2012-01-18T02:39:45","modified_gmt":"2012-01-18T02:39:45","slug":"famous-stories-on-painting","status":"publish","type":"page","link":"https:\/\/li-mac.org\/es\/library\/text-books-philosophy-anthropology\/book-covers\/famous-stories-on-painting\/","title":{"rendered":"Relatos c\u00e9lebres sobre la pintura"},"content":{"rendered":"<p>Esta pintura fue hecha en el formato original del libro \u00abRelatos c\u00e9lebres sobre la pintura\u00bb, editado por Daniel Arag\u00f3. El libro recopila de textos de Balzac, Poe, Rilke, Maupassant o Chejov. Esta tercera edici\u00f3n en castellano fue publicada en 2000 por <em>\u00c1ltera<\/em>.<\/p>","protected":false},"excerpt":{"rendered":"<p><strong>Biblioteca LiMAC<\/strong><br \/>\n2009-2010<br \/>\n\u00f3leo sobre lienzo<br \/>\n21 x 12,5 x 1,5 cm.<\/p>\n","protected":false},"author":2,"featured_media":1051,"parent":1095,"menu_order":1140,"comment_status":"open","ping_status":"open","template":"image.php","meta":{"footnotes":""},"class_list":["post-1892","page","type-page","status-publish","has-post-thumbnail","hentry"],"_links":{"self":[{"href":"https:\/\/li-mac.org\/es\/wp-json\/wp\/v2\/pages\/1892","targetHints":{"allow":["GET"]}}],"collection":[{"href":"https:\/\/li-mac.org\/es\/wp-json\/wp\/v2\/pages"}],"about":[{"href":"https:\/\/li-mac.org\/es\/wp-json\/wp\/v2\/types\/page"}],"author":[{"embeddable":true,"href":"https:\/\/li-mac.org\/es\/wp-json\/wp\/v2\/users\/2"}],"replies":[{"embeddable":true,"href":"https:\/\/li-mac.org\/es\/wp-json\/wp\/v2\/comments?post=1892"}],"version-history":[{"count":5,"href":"https:\/\/li-mac.org\/es\/wp-json\/wp\/v2\/pages\/1892\/revisions"}],"predecessor-version":[{"id":11588,"href":"https:\/\/li-mac.org\/es\/wp-json\/wp\/v2\/pages\/1892\/revisions\/11588"}],"up":[{"embeddable":true,"href":"https:\/\/li-mac.org\/es\/wp-json\/wp\/v2\/pages\/1095"}],"wp:featuredmedia":[{"embeddable":true,"href":"https:\/\/li-mac.org\/es\/wp-json\/wp\/v2\/media\/1051"}],"wp:attachment":[{"href":"https:\/\/li-mac.org\/es\/wp-json\/wp\/v2\/media?parent=1892"}],"curies":[{"name":"wp","href":"https:\/\/api.w.org\/{rel}","templated":true}]}}