{"id":1896,"date":"2011-08-31T18:40:35","date_gmt":"2011-08-31T18:40:35","guid":{"rendered":"http:\/\/li-mac.org\/wp\/"},"modified":"2012-01-18T02:16:35","modified_gmt":"2012-01-18T02:16:35","slug":"against-klimt","status":"publish","type":"page","link":"https:\/\/li-mac.org\/es\/library\/text-books-philosophy-anthropology\/book-covers\/against-klimt\/","title":{"rendered":"Contra Klimt"},"content":{"rendered":"<p>Esta pintura fue hecha al tama\u00f1o original del libro \u00abContra Klimt\u00bb, que compila art\u00edculos de prensa que criticaban a Klimt en Austria. La publicaci\u00f3n fue editada por la Fundaci\u00f3n Juan March en 2006 para acompa\u00f1ar la exposici\u00f3n \u00abLa destrucci\u00f3n creadora. Gustav Klimt, el Friso de Beethoven y la lucha por la libertad del arte.\u00bb<\/p>","protected":false},"excerpt":{"rendered":"<p><strong>Biblioteca LiMAC<\/strong><br \/>\n2009-2010<br \/>\n\u00f3leo sobre lienzo<br \/>\n18,5 x 17,5 x 1,5 cm.<\/p>\n","protected":false},"author":2,"featured_media":1037,"parent":1095,"menu_order":1101,"comment_status":"open","ping_status":"open","template":"image.php","meta":{"footnotes":""},"class_list":["post-1896","page","type-page","status-publish","has-post-thumbnail","hentry"],"_links":{"self":[{"href":"https:\/\/li-mac.org\/es\/wp-json\/wp\/v2\/pages\/1896","targetHints":{"allow":["GET"]}}],"collection":[{"href":"https:\/\/li-mac.org\/es\/wp-json\/wp\/v2\/pages"}],"about":[{"href":"https:\/\/li-mac.org\/es\/wp-json\/wp\/v2\/types\/page"}],"author":[{"embeddable":true,"href":"https:\/\/li-mac.org\/es\/wp-json\/wp\/v2\/users\/2"}],"replies":[{"embeddable":true,"href":"https:\/\/li-mac.org\/es\/wp-json\/wp\/v2\/comments?post=1896"}],"version-history":[{"count":9,"href":"https:\/\/li-mac.org\/es\/wp-json\/wp\/v2\/pages\/1896\/revisions"}],"predecessor-version":[{"id":11568,"href":"https:\/\/li-mac.org\/es\/wp-json\/wp\/v2\/pages\/1896\/revisions\/11568"}],"up":[{"embeddable":true,"href":"https:\/\/li-mac.org\/es\/wp-json\/wp\/v2\/pages\/1095"}],"wp:featuredmedia":[{"embeddable":true,"href":"https:\/\/li-mac.org\/es\/wp-json\/wp\/v2\/media\/1037"}],"wp:attachment":[{"href":"https:\/\/li-mac.org\/es\/wp-json\/wp\/v2\/media?parent=1896"}],"curies":[{"name":"wp","href":"https:\/\/api.w.org\/{rel}","templated":true}]}}