{"id":1900,"date":"2011-08-31T17:00:39","date_gmt":"2011-08-31T17:00:39","guid":{"rendered":"http:\/\/li-mac.org\/wp\/"},"modified":"2012-01-18T22:35:02","modified_gmt":"2012-01-18T22:35:02","slug":"the-art-to-come","status":"publish","type":"page","link":"https:\/\/li-mac.org\/es\/library\/text-books-philosophy-anthropology\/book-covers\/the-art-to-come\/","title":{"rendered":"El arte que viene"},"content":{"rendered":"<p>Esta pintura fue hecha al tama\u00f1o original del libro \u00abEl arte que viene\u00bb, escrito por el comisario independiente Paco Barrag\u00e1n. La selecci\u00f3n incluye un resumen de 159 artistas emergentes. Esta primera edici\u00f3n fue publicada en 2002 por <em>Subastas Siglo XXI<\/em>.<\/p>","protected":false},"excerpt":{"rendered":"<p><strong>Biblioteca LiMAC<\/strong><br \/>\n2009-2010<br \/>\n\u00f3leo sobre lienzo<br \/>\n21,5 x 17 x  2 cm.<\/p>\n","protected":false},"author":2,"featured_media":1045,"parent":1095,"menu_order":1104,"comment_status":"open","ping_status":"open","template":"image.php","meta":{"footnotes":""},"class_list":["post-1900","page","type-page","status-publish","has-post-thumbnail","hentry"],"_links":{"self":[{"href":"https:\/\/li-mac.org\/es\/wp-json\/wp\/v2\/pages\/1900","targetHints":{"allow":["GET"]}}],"collection":[{"href":"https:\/\/li-mac.org\/es\/wp-json\/wp\/v2\/pages"}],"about":[{"href":"https:\/\/li-mac.org\/es\/wp-json\/wp\/v2\/types\/page"}],"author":[{"embeddable":true,"href":"https:\/\/li-mac.org\/es\/wp-json\/wp\/v2\/users\/2"}],"replies":[{"embeddable":true,"href":"https:\/\/li-mac.org\/es\/wp-json\/wp\/v2\/comments?post=1900"}],"version-history":[{"count":8,"href":"https:\/\/li-mac.org\/es\/wp-json\/wp\/v2\/pages\/1900\/revisions"}],"predecessor-version":[{"id":11573,"href":"https:\/\/li-mac.org\/es\/wp-json\/wp\/v2\/pages\/1900\/revisions\/11573"}],"up":[{"embeddable":true,"href":"https:\/\/li-mac.org\/es\/wp-json\/wp\/v2\/pages\/1095"}],"wp:featuredmedia":[{"embeddable":true,"href":"https:\/\/li-mac.org\/es\/wp-json\/wp\/v2\/media\/1045"}],"wp:attachment":[{"href":"https:\/\/li-mac.org\/es\/wp-json\/wp\/v2\/media?parent=1900"}],"curies":[{"name":"wp","href":"https:\/\/api.w.org\/{rel}","templated":true}]}}