{"id":1902,"date":"2011-08-31T18:25:28","date_gmt":"2011-08-31T18:25:28","guid":{"rendered":"http:\/\/li-mac.org\/wp\/"},"modified":"2012-01-18T02:24:20","modified_gmt":"2012-01-18T02:24:20","slug":"art-history-as-an-image-of-the-artists-gaze","status":"publish","type":"page","link":"https:\/\/li-mac.org\/es\/library\/text-books-philosophy-anthropology\/book-covers\/art-history-as-an-image-of-the-artists-gaze\/","title":{"rendered":"La historia del arte como imagen de la mirada del artista"},"content":{"rendered":"<p>Esta pintura fue hecha en el tama\u00f1o original de la serie \u00abLa historia del arte como una imagen de la vista de los artistas\u00bb, editado por Juan Vicente Llor\u00e9ns Montoro. En el que encontramos un inventario descriptivo sobre documentales culturales. Esta publicaci\u00f3n fue editada en 2001 en Espa\u00f1a.<\/p>","protected":false},"excerpt":{"rendered":"<p><strong>Biblioteca LiMAC<\/strong><br \/>\n2009-2010<br \/>\n\u00f3leo sobre lienzo<br \/>\n21 x 15 x 0,7 cm.<\/p>\n","protected":false},"author":2,"featured_media":1070,"parent":1095,"menu_order":1106,"comment_status":"open","ping_status":"open","template":"image.php","meta":{"footnotes":""},"class_list":["post-1902","page","type-page","status-publish","has-post-thumbnail","hentry"],"_links":{"self":[{"href":"https:\/\/li-mac.org\/es\/wp-json\/wp\/v2\/pages\/1902","targetHints":{"allow":["GET"]}}],"collection":[{"href":"https:\/\/li-mac.org\/es\/wp-json\/wp\/v2\/pages"}],"about":[{"href":"https:\/\/li-mac.org\/es\/wp-json\/wp\/v2\/types\/page"}],"author":[{"embeddable":true,"href":"https:\/\/li-mac.org\/es\/wp-json\/wp\/v2\/users\/2"}],"replies":[{"embeddable":true,"href":"https:\/\/li-mac.org\/es\/wp-json\/wp\/v2\/comments?post=1902"}],"version-history":[{"count":11,"href":"https:\/\/li-mac.org\/es\/wp-json\/wp\/v2\/pages\/1902\/revisions"}],"predecessor-version":[{"id":1918,"href":"https:\/\/li-mac.org\/es\/wp-json\/wp\/v2\/pages\/1902\/revisions\/1918"}],"up":[{"embeddable":true,"href":"https:\/\/li-mac.org\/es\/wp-json\/wp\/v2\/pages\/1095"}],"wp:featuredmedia":[{"embeddable":true,"href":"https:\/\/li-mac.org\/es\/wp-json\/wp\/v2\/media\/1070"}],"wp:attachment":[{"href":"https:\/\/li-mac.org\/es\/wp-json\/wp\/v2\/media?parent=1902"}],"curies":[{"name":"wp","href":"https:\/\/api.w.org\/{rel}","templated":true}]}}