{"id":1909,"date":"2011-08-31T18:02:00","date_gmt":"2011-08-31T18:02:00","guid":{"rendered":"http:\/\/li-mac.org\/wp\/"},"modified":"2012-01-18T02:45:24","modified_gmt":"2012-01-18T02:45:24","slug":"the-return-of-the-real-the-avant-guard-at-the-end-of-the-century","status":"publish","type":"page","link":"https:\/\/li-mac.org\/es\/library\/text-books-philosophy-anthropology\/book-covers\/the-return-of-the-real-the-avant-guard-at-the-end-of-the-century\/","title":{"rendered":"El retorno de lo real &#8211; La vanguardia a finales de siglo"},"content":{"rendered":"<p>Esta pintura fue hecha al tama\u00f1o original del libro \u00abEl retorno de lo real\u00bb, escrito por el historiador de arte Hal Foster. El ensayo argumenta que el futuro del arte no est\u00e1 condenado a ser un pastiche deconstruido y repetitivo de s\u00ed mismo. Esta edici\u00f3n en castellano fue publicada por <em>Akal<\/em> en 2001.<\/p>","protected":false},"excerpt":{"rendered":"<p><strong>Biblioteca LiMAC<\/strong><br \/>\n2009-2010<br \/>\n\u00f3leo sobre lienzo<br \/>\n24 x 17 x 1,5 cm.<\/p>\n","protected":false},"author":2,"featured_media":1065,"parent":1095,"menu_order":1245,"comment_status":"open","ping_status":"open","template":"image.php","meta":{"footnotes":""},"class_list":["post-1909","page","type-page","status-publish","has-post-thumbnail","hentry"],"_links":{"self":[{"href":"https:\/\/li-mac.org\/es\/wp-json\/wp\/v2\/pages\/1909","targetHints":{"allow":["GET"]}}],"collection":[{"href":"https:\/\/li-mac.org\/es\/wp-json\/wp\/v2\/pages"}],"about":[{"href":"https:\/\/li-mac.org\/es\/wp-json\/wp\/v2\/types\/page"}],"author":[{"embeddable":true,"href":"https:\/\/li-mac.org\/es\/wp-json\/wp\/v2\/users\/2"}],"replies":[{"embeddable":true,"href":"https:\/\/li-mac.org\/es\/wp-json\/wp\/v2\/comments?post=1909"}],"version-history":[{"count":7,"href":"https:\/\/li-mac.org\/es\/wp-json\/wp\/v2\/pages\/1909\/revisions"}],"predecessor-version":[{"id":11596,"href":"https:\/\/li-mac.org\/es\/wp-json\/wp\/v2\/pages\/1909\/revisions\/11596"}],"up":[{"embeddable":true,"href":"https:\/\/li-mac.org\/es\/wp-json\/wp\/v2\/pages\/1095"}],"wp:featuredmedia":[{"embeddable":true,"href":"https:\/\/li-mac.org\/es\/wp-json\/wp\/v2\/media\/1065"}],"wp:attachment":[{"href":"https:\/\/li-mac.org\/es\/wp-json\/wp\/v2\/media?parent=1909"}],"curies":[{"name":"wp","href":"https:\/\/api.w.org\/{rel}","templated":true}]}}