{"id":1912,"date":"2011-08-31T18:23:36","date_gmt":"2011-08-31T18:23:36","guid":{"rendered":"http:\/\/li-mac.org\/wp\/"},"modified":"2012-01-18T02:26:27","modified_gmt":"2012-01-18T02:26:27","slug":"art-history-as-an-image","status":"publish","type":"page","link":"https:\/\/li-mac.org\/es\/library\/text-books-philosophy-anthropology\/book-covers\/art-history-as-an-image\/","title":{"rendered":"La historia del arte como imagen de la mirada del artista"},"content":{"rendered":"<p>Esta pintura fue hecha al tama\u00f1o original de la serie la \u00abHistoria del Arte como la imagen de la vista del artista\u00bb,\u00a0 editada por serie Juan Vicente Llor\u00e9ns Montoro. En el que encontramos un descriptivo inventario de documentales culturales. Esta publicaci\u00f3n fue editada en el a\u00f1o 2001 en Espa\u00f1a.<\/p>","protected":false},"excerpt":{"rendered":"<p><strong>Biblioteca LiMAC<\/strong><br \/>\n2009-2010<br \/>\n\u00f3leo sobre lienzo<br \/>\n21 x 15 x 0,7 cm.<\/p>\n","protected":false},"author":2,"featured_media":1020,"parent":1095,"menu_order":1107,"comment_status":"open","ping_status":"open","template":"image.php","meta":{"footnotes":""},"class_list":["post-1912","page","type-page","status-publish","has-post-thumbnail","hentry"],"_links":{"self":[{"href":"https:\/\/li-mac.org\/es\/wp-json\/wp\/v2\/pages\/1912","targetHints":{"allow":["GET"]}}],"collection":[{"href":"https:\/\/li-mac.org\/es\/wp-json\/wp\/v2\/pages"}],"about":[{"href":"https:\/\/li-mac.org\/es\/wp-json\/wp\/v2\/types\/page"}],"author":[{"embeddable":true,"href":"https:\/\/li-mac.org\/es\/wp-json\/wp\/v2\/users\/2"}],"replies":[{"embeddable":true,"href":"https:\/\/li-mac.org\/es\/wp-json\/wp\/v2\/comments?post=1912"}],"version-history":[{"count":11,"href":"https:\/\/li-mac.org\/es\/wp-json\/wp\/v2\/pages\/1912\/revisions"}],"predecessor-version":[{"id":11576,"href":"https:\/\/li-mac.org\/es\/wp-json\/wp\/v2\/pages\/1912\/revisions\/11576"}],"up":[{"embeddable":true,"href":"https:\/\/li-mac.org\/es\/wp-json\/wp\/v2\/pages\/1095"}],"wp:featuredmedia":[{"embeddable":true,"href":"https:\/\/li-mac.org\/es\/wp-json\/wp\/v2\/media\/1020"}],"wp:attachment":[{"href":"https:\/\/li-mac.org\/es\/wp-json\/wp\/v2\/media?parent=1912"}],"curies":[{"name":"wp","href":"https:\/\/api.w.org\/{rel}","templated":true}]}}