{"id":19216,"date":"2013-12-30T20:27:31","date_gmt":"2013-12-30T20:27:31","guid":{"rendered":"http:\/\/li-mac.org\/?page_id=19216"},"modified":"2014-01-06T18:16:17","modified_gmt":"2014-01-06T18:16:17","slug":"do-not-cross-art-scene","status":"publish","type":"page","link":"https:\/\/li-mac.org\/es\/collection\/limac-collection\/rogelio-lopez-cuenca\/works\/do-not-cross-art-scene\/","title":{"rendered":"Do Not Cross Art Scene"},"content":{"rendered":"<p><span style=\"font-size: 13px; line-height: 19px;\">Proyectado originalmente para la Exposici\u00f3n Universal de Sevilla (1992), se produjo en 2001 para la exposici\u00f3n \u201cIron\u00eda\u201d (Fundaci\u00f3 Joan Mir\u00f3. Barcelona, y Koldo Mitxelena Kulturnea, Donostia), mostr\u00e1ndose posteriormente en \u201cIdentidades cr\u00edticas\u201d (Patio Herreriano &#8211; Museo de Arte Contempor\u00e1neo Espa\u00f1ol, Valladolid), en 2006.<\/span><\/p>","protected":false},"excerpt":{"rendered":"<p><strong>Rogelio L\u00f3pez Cuenca<\/strong> <small>(Espa\u00f1a,1959)<\/small><br \/>\n1991-2006<br \/>\nIntervenci\u00f3n \/ Cinta de balizamiento<br \/>\nDimensiones variables<\/p>\n<p><small>(Colecci\u00f3n Museo Reina Sofia, Madrid)<br \/>\n<a href=\"http:\/\/www.lopezcuenca.com\/\" rel=\"external\">(Cortesia del artista)<\/a><\/small><\/p>\n","protected":false},"author":3,"featured_media":18404,"parent":19207,"menu_order":31,"comment_status":"open","ping_status":"open","template":"image.php","meta":{"footnotes":""},"class_list":["post-19216","page","type-page","status-publish","has-post-thumbnail","hentry"],"_links":{"self":[{"href":"https:\/\/li-mac.org\/es\/wp-json\/wp\/v2\/pages\/19216","targetHints":{"allow":["GET"]}}],"collection":[{"href":"https:\/\/li-mac.org\/es\/wp-json\/wp\/v2\/pages"}],"about":[{"href":"https:\/\/li-mac.org\/es\/wp-json\/wp\/v2\/types\/page"}],"author":[{"embeddable":true,"href":"https:\/\/li-mac.org\/es\/wp-json\/wp\/v2\/users\/3"}],"replies":[{"embeddable":true,"href":"https:\/\/li-mac.org\/es\/wp-json\/wp\/v2\/comments?post=19216"}],"version-history":[{"count":12,"href":"https:\/\/li-mac.org\/es\/wp-json\/wp\/v2\/pages\/19216\/revisions"}],"predecessor-version":[{"id":19788,"href":"https:\/\/li-mac.org\/es\/wp-json\/wp\/v2\/pages\/19216\/revisions\/19788"}],"up":[{"embeddable":true,"href":"https:\/\/li-mac.org\/es\/wp-json\/wp\/v2\/pages\/19207"}],"wp:featuredmedia":[{"embeddable":true,"href":"https:\/\/li-mac.org\/es\/wp-json\/wp\/v2\/media\/18404"}],"wp:attachment":[{"href":"https:\/\/li-mac.org\/es\/wp-json\/wp\/v2\/media?parent=19216"}],"curies":[{"name":"wp","href":"https:\/\/api.w.org\/{rel}","templated":true}]}}