{"id":1922,"date":"2011-09-01T09:15:17","date_gmt":"2011-09-01T09:15:17","guid":{"rendered":"http:\/\/li-mac.org\/wp\/"},"modified":"2014-01-26T20:35:42","modified_gmt":"2014-01-26T20:35:42","slug":"art-and-fear","status":"publish","type":"page","link":"https:\/\/li-mac.org\/es\/library\/text-books-philosophy-anthropology\/book-covers\/art-and-fear\/","title":{"rendered":"El procedimiento silencio"},"content":{"rendered":"<p>Esta pintura fue hecha en el formato original del libro \u00abEl procedimiento silencio\u00bb, escrito por el te\u00f3rico Paul Virilio. El libro incluye dos ensayos que cuestionan y critican los modos de representaci\u00f3n en el arte contempor\u00e1neo. Esta primera edici\u00f3n en castellana se public\u00f3 en 2001 por <em>Paid\u00f3s<\/em>.<\/p>","protected":false},"excerpt":{"rendered":"<p><strong>Biblioteca LiMAC<\/strong><br \/>\n2009-2010<br \/>\n\u00f3leo sobre lienzo<br \/>\n21 x 13 x 1 cm.<\/p>\n","protected":false},"author":2,"featured_media":1088,"parent":1095,"menu_order":1104,"comment_status":"open","ping_status":"open","template":"image.php","meta":{"footnotes":""},"class_list":["post-1922","page","type-page","status-publish","has-post-thumbnail","hentry"],"_links":{"self":[{"href":"https:\/\/li-mac.org\/es\/wp-json\/wp\/v2\/pages\/1922","targetHints":{"allow":["GET"]}}],"collection":[{"href":"https:\/\/li-mac.org\/es\/wp-json\/wp\/v2\/pages"}],"about":[{"href":"https:\/\/li-mac.org\/es\/wp-json\/wp\/v2\/types\/page"}],"author":[{"embeddable":true,"href":"https:\/\/li-mac.org\/es\/wp-json\/wp\/v2\/users\/2"}],"replies":[{"embeddable":true,"href":"https:\/\/li-mac.org\/es\/wp-json\/wp\/v2\/comments?post=1922"}],"version-history":[{"count":8,"href":"https:\/\/li-mac.org\/es\/wp-json\/wp\/v2\/pages\/1922\/revisions"}],"predecessor-version":[{"id":20169,"href":"https:\/\/li-mac.org\/es\/wp-json\/wp\/v2\/pages\/1922\/revisions\/20169"}],"up":[{"embeddable":true,"href":"https:\/\/li-mac.org\/es\/wp-json\/wp\/v2\/pages\/1095"}],"wp:featuredmedia":[{"embeddable":true,"href":"https:\/\/li-mac.org\/es\/wp-json\/wp\/v2\/media\/1088"}],"wp:attachment":[{"href":"https:\/\/li-mac.org\/es\/wp-json\/wp\/v2\/media?parent=1922"}],"curies":[{"name":"wp","href":"https:\/\/api.w.org\/{rel}","templated":true}]}}