{"id":19221,"date":"2013-12-30T22:08:05","date_gmt":"2013-12-30T22:08:05","guid":{"rendered":"http:\/\/li-mac.org\/?page_id=19221"},"modified":"2014-01-07T10:00:32","modified_gmt":"2014-01-07T10:00:32","slug":"phone-poem","status":"publish","type":"page","link":"https:\/\/li-mac.org\/es\/collection\/limac-collection\/rogelio-lopez-cuenca\/works\/phone-poem\/","title":{"rendered":"Phone \/ Poem"},"content":{"rendered":"<p>Intervenci\u00f3n en espacios p\u00fablicos de la ciudad de Nueva York.<\/p>\n<div>L\u00f3pez Cuenca no sit\u00faa lo cotidiano en<\/div>\n<div>el contenido, apropiable sin intervenci\u00f3n alguna,<\/div>\n<div>sino en las formas espec\u00edficas del entorno<\/div>\n<div>urbano contempor\u00e1neo, sobre todo la se\u00f1alizaci\u00f3n de<\/div>\n<div>los espacios p\u00fablicos: las se\u00f1ales de aparcamiento y de tr\u00e1fico<\/div>\n<div>y la informaci\u00f3n d ellas calles y aeropuertos. \u00bfC\u00f3mo hacerlas<\/div>\n<div>visibles, de manera que podamos observar, no<\/div>\n<div>simplemente obedecer, su regulaci\u00f3n de la circulaci\u00f3n y su<\/div>\n<div>puntuaci\u00f3n del entorno? L\u00f3pez Cuenca no recontextualiza<\/div>\n<div>la se\u00f1alizaci\u00f3n, como si la estetizara: lo que hace es<\/div>\n<div>intervenir activamente en el proceso por el que<\/div>\n<div>la se\u00f1alizaci\u00f3n opera sin ser vista. Recarga<\/div>\n<div>las se\u00f1ales para que podamos<\/div>\n<div>recargar nuestras vidas.<\/div>\n<div>Charles Bernstein, Rogelio L\u00f3pez Cuenca y lo ordinario.<\/div>\n<p><\/p>","protected":false},"excerpt":{"rendered":"<p><strong>Rogelio L\u00f3pez Cuenca<\/strong> <small>(Espa\u00f1a,1959)<\/small><br \/>\n1991<br \/>\nOffset sobre papel autoadhesivo<br \/>\n14 x 14 cm.<\/p>\n<p><small><a href=\"http:\/\/www.lopezcuenca.com\/\" rel=\"external\">(Cortesia del artista)<\/a><\/small><\/p>\n","protected":false},"author":3,"featured_media":18401,"parent":19207,"menu_order":35,"comment_status":"open","ping_status":"open","template":"image.php","meta":{"footnotes":""},"class_list":["post-19221","page","type-page","status-publish","has-post-thumbnail","hentry"],"_links":{"self":[{"href":"https:\/\/li-mac.org\/es\/wp-json\/wp\/v2\/pages\/19221","targetHints":{"allow":["GET"]}}],"collection":[{"href":"https:\/\/li-mac.org\/es\/wp-json\/wp\/v2\/pages"}],"about":[{"href":"https:\/\/li-mac.org\/es\/wp-json\/wp\/v2\/types\/page"}],"author":[{"embeddable":true,"href":"https:\/\/li-mac.org\/es\/wp-json\/wp\/v2\/users\/3"}],"replies":[{"embeddable":true,"href":"https:\/\/li-mac.org\/es\/wp-json\/wp\/v2\/comments?post=19221"}],"version-history":[{"count":11,"href":"https:\/\/li-mac.org\/es\/wp-json\/wp\/v2\/pages\/19221\/revisions"}],"predecessor-version":[{"id":19799,"href":"https:\/\/li-mac.org\/es\/wp-json\/wp\/v2\/pages\/19221\/revisions\/19799"}],"up":[{"embeddable":true,"href":"https:\/\/li-mac.org\/es\/wp-json\/wp\/v2\/pages\/19207"}],"wp:featuredmedia":[{"embeddable":true,"href":"https:\/\/li-mac.org\/es\/wp-json\/wp\/v2\/media\/18401"}],"wp:attachment":[{"href":"https:\/\/li-mac.org\/es\/wp-json\/wp\/v2\/media?parent=19221"}],"curies":[{"name":"wp","href":"https:\/\/api.w.org\/{rel}","templated":true}]}}