{"id":19228,"date":"2013-12-31T00:04:35","date_gmt":"2013-12-31T00:04:35","guid":{"rendered":"http:\/\/li-mac.org\/?page_id=19228"},"modified":"2014-01-05T20:09:19","modified_gmt":"2014-01-05T20:09:19","slug":"decret-n%c2%ba-1-2","status":"publish","type":"page","link":"https:\/\/li-mac.org\/es\/collection\/limac-collection\/rogelio-lopez-cuenca\/works\/decret-n%c2%ba-1-2\/","title":{"rendered":"D\u00e9cret n\u00ba 1"},"content":{"rendered":"<p>La propuesta para la Exposici\u00f3n Universal de Sevilla de 1992 consisti\u00f3 en colocar algunos textos y pictogramas enigm\u00e1ticos sobre varios postes se\u00f1alizadores del recinto. La dificultad de desciframiento para un visitante ordinario le habr\u00eda obligado a pensar sobre la funci\u00f3n comunicativa y est\u00e9tica de esos lugares e, indirectamente, sobre el mensaje mismo (el sentido global) de toda la Exposici\u00f3n Universal.<\/p>\n<p>Juan Antonio Ram\u00edrez: Un neorrealismo pauperista<br \/>\n(La contra-arqueolog\u00eda ling\u00fc\u00edstica de Rogelio L\u00f3pez Cuenca)<\/p>\n<p><span style=\"font-size: 13px; line-height: 19px;\">D\u00e9cret n\u00ba 1 tomaba su nombre del \u201cDecreto n\u00ba 1 para la democratizaci\u00f3n de las artes\u201d, publicado en la Gaceta de los Futuristas de Mosc\u00fa, en 1918, una propuesta para la radical supresi\u00f3n de galer\u00edas y museos, al grito de \u201ctodo el arte para todo el pueblo\u201d. El t\u00edtulo recalcaba la intenci\u00f3n de esta obra de emparentarse con una determinada tradici\u00f3n art\u00edstica y civil de intervenci\u00f3n activa, desmarc\u00e1ndose de la com\u00fan tendencia a interpretar la idea de \u201carte en la calle\u201d como el mero trasplante al exterior de aquello mismo que se expone dentro de los \u201ctemplos del arte\u201d. D\u00e9cret n\u00ba 1 no era un monumento ni una escultura, ni un objeto con un valor est\u00e9tico per se, sino una intervenci\u00f3n, una inserci\u00f3n en un circuito ideol\u00f3gico.\u00a0<\/span><span style=\"font-size: 13px; line-height: 19px;\">Su objetivo no pudo ser completamente satisfecho, puesto que D\u00e9cret n\u00ba 1 nunca se expuso al p\u00fablico: el d\u00eda antes de la inauguraci\u00f3n oficial, las piezas fueron retiradas y almacenadas, permaneciendo ocultas durante todo el tiempo de la celebraci\u00f3n de la Exposici\u00f3n. Acabada la Expo \u201892 pasar\u00edan a la colecci\u00f3n del el Museo Nacional \u2013 Centro de Arte Reina Sof\u00eda (MNCARS, Madrid). Parte de las se\u00f1ales se expondr\u00edan p\u00fablicamente por primera vez en 2004, en la primera edici\u00f3n de la Bienal de Arte Contempor\u00e1neo de Sevilla (BIACS). Desde entonces, algunas de las piezas permanecen en el Centro Andaluz de Arte Contempor\u00e1neo (CAAC, Sevilla) y el resto en el MNCARS .<\/span><\/p>","protected":false},"excerpt":{"rendered":"<p><strong>Rogelio L\u00f3pez Cuenca<\/strong> <small>(Espa\u00f1a,1959)<\/small><br \/>\n1991<br \/>\nOffset sobre papel autoadhesivo<br \/>\n14 x 14 cm.<\/p>\n<p><small>(Colecci\u00f3n Museo Reina Sof\u00eda, Madrid)<br \/>\n<a href=\"http:\/\/www.lopezcuenca.com\/\" rel=\"external\">(Cortesia del artista)<\/a><\/small><\/p>\n","protected":false},"author":3,"featured_media":18406,"parent":19207,"menu_order":38,"comment_status":"open","ping_status":"open","template":"image.php","meta":{"footnotes":""},"class_list":["post-19228","page","type-page","status-publish","has-post-thumbnail","hentry"],"_links":{"self":[{"href":"https:\/\/li-mac.org\/es\/wp-json\/wp\/v2\/pages\/19228","targetHints":{"allow":["GET"]}}],"collection":[{"href":"https:\/\/li-mac.org\/es\/wp-json\/wp\/v2\/pages"}],"about":[{"href":"https:\/\/li-mac.org\/es\/wp-json\/wp\/v2\/types\/page"}],"author":[{"embeddable":true,"href":"https:\/\/li-mac.org\/es\/wp-json\/wp\/v2\/users\/3"}],"replies":[{"embeddable":true,"href":"https:\/\/li-mac.org\/es\/wp-json\/wp\/v2\/comments?post=19228"}],"version-history":[{"count":23,"href":"https:\/\/li-mac.org\/es\/wp-json\/wp\/v2\/pages\/19228\/revisions"}],"predecessor-version":[{"id":19779,"href":"https:\/\/li-mac.org\/es\/wp-json\/wp\/v2\/pages\/19228\/revisions\/19779"}],"up":[{"embeddable":true,"href":"https:\/\/li-mac.org\/es\/wp-json\/wp\/v2\/pages\/19207"}],"wp:featuredmedia":[{"embeddable":true,"href":"https:\/\/li-mac.org\/es\/wp-json\/wp\/v2\/media\/18406"}],"wp:attachment":[{"href":"https:\/\/li-mac.org\/es\/wp-json\/wp\/v2\/media?parent=19228"}],"curies":[{"name":"wp","href":"https:\/\/api.w.org\/{rel}","templated":true}]}}