{"id":19246,"date":"2013-12-31T01:23:07","date_gmt":"2013-12-31T01:23:07","guid":{"rendered":"http:\/\/li-mac.org\/?page_id=19246"},"modified":"2014-01-07T09:57:50","modified_gmt":"2014-01-07T09:57:50","slug":"landscape-with-the-fall-of-icarus","status":"publish","type":"page","link":"https:\/\/li-mac.org\/es\/collection\/limac-collection\/rogelio-lopez-cuenca\/works\/landscape-with-the-fall-of-icarus\/","title":{"rendered":"Paisaje con la ca\u00edda de \u00cdcaro"},"content":{"rendered":"<p><span style=\"font-size: 13px; line-height: 19px;\">Proyecto realizado originalmente para la Bienal EV+A (Limerick, Rep\u00fablica de Irlanda) en 1994, se produjo de nuevo en 2012 para la exposici\u00f3n \u201cQu\u00e9 pensar, qu\u00e9 desear, qu\u00e9 hacer\u201d (Caixaforum, Barcelona)<\/span><\/p>\n<p><span style=\"font-size: 13px; line-height: 19px;\">Paisaje con la ca\u00edda de \u00cdcaro es el t\u00edtulo de una pintura al \u00f3leo que se conserva en el Museo de Bellas Artes de Bruselas y\u00a0que durante mucho tiempo se pens\u00f3 que era obra\u00a0de Pieter Brueghel el Viejo.\u00a0Sobre el cuadro existen sendos poemas de Williams Carlos Williams y W.H. Auden.\u00a0El tema que trata\u00a0es\u00a0la historia, que narra Ovidio en Las Metamorfosis, de \u00cdcaro, que\u00a0consigui\u00f3 volar con alas hechas de plumas pegadas con cera, pero en su vuelo se acerc\u00f3 tanto al sol que se fundi\u00f3 la cera, cay\u00f3 al mar y se ahog\u00f3.<\/span><\/p>\n<p><span style=\"font-size: 13px; line-height: 19px;\">Durante la guerra entre Inglaterra e Irlanda y\u00a0en plena ola revolucionaria europea (1917-1923), se proclam\u00f3 el soviet de Limerick el 15 de abril de 1921. Los sindicatos obreros y el Partido\u00a0Laborista\u00a0Irland\u00e9s declararon la huelga general,\u00a0imprimiendo su propia moneda e imponiendo precios fijos a los productos de primera necesidad. La\u00a0experiencia\u00a0revolucionaria dur\u00f3 s\u00f3lo doce d\u00edas.<\/span><\/p>\n<p><span style=\"font-size: 13px; line-height: 19px;\">\u00a0<\/span><\/p>\n<p>&nbsp;<\/p>\n<p>&nbsp;<\/p>\n<p>&nbsp;<\/p>","protected":false},"excerpt":{"rendered":"<p><strong>Rogelio L\u00f3pez Cuenca<\/strong> <small>(Espa\u00f1a,1959)<\/small><br \/>\n1994 &#8211; 2012<br \/>\nSe\u00f1alizaci\u00f3n p\u00fablica \/ Esmalte sobre metal<br \/>\n135 x 90 cm.<\/p>\n<p><small><a href=\"http:\/\/www.lopezcuenca.com\/\" rel=\"external\">(Cortesia del artista)<\/a><\/small><\/p>\n","protected":false},"author":3,"featured_media":18409,"parent":19207,"menu_order":38,"comment_status":"open","ping_status":"open","template":"image.php","meta":{"footnotes":""},"class_list":["post-19246","page","type-page","status-publish","has-post-thumbnail","hentry"],"_links":{"self":[{"href":"https:\/\/li-mac.org\/es\/wp-json\/wp\/v2\/pages\/19246","targetHints":{"allow":["GET"]}}],"collection":[{"href":"https:\/\/li-mac.org\/es\/wp-json\/wp\/v2\/pages"}],"about":[{"href":"https:\/\/li-mac.org\/es\/wp-json\/wp\/v2\/types\/page"}],"author":[{"embeddable":true,"href":"https:\/\/li-mac.org\/es\/wp-json\/wp\/v2\/users\/3"}],"replies":[{"embeddable":true,"href":"https:\/\/li-mac.org\/es\/wp-json\/wp\/v2\/comments?post=19246"}],"version-history":[{"count":16,"href":"https:\/\/li-mac.org\/es\/wp-json\/wp\/v2\/pages\/19246\/revisions"}],"predecessor-version":[{"id":19797,"href":"https:\/\/li-mac.org\/es\/wp-json\/wp\/v2\/pages\/19246\/revisions\/19797"}],"up":[{"embeddable":true,"href":"https:\/\/li-mac.org\/es\/wp-json\/wp\/v2\/pages\/19207"}],"wp:featuredmedia":[{"embeddable":true,"href":"https:\/\/li-mac.org\/es\/wp-json\/wp\/v2\/media\/18409"}],"wp:attachment":[{"href":"https:\/\/li-mac.org\/es\/wp-json\/wp\/v2\/media?parent=19246"}],"curies":[{"name":"wp","href":"https:\/\/api.w.org\/{rel}","templated":true}]}}