{"id":1925,"date":"2011-09-01T09:41:41","date_gmt":"2011-09-01T09:41:41","guid":{"rendered":"http:\/\/li-mac.org\/wp\/"},"modified":"2012-01-18T03:11:25","modified_gmt":"2012-01-18T03:11:25","slug":"modernity-life-documenta-12","status":"publish","type":"page","link":"https:\/\/li-mac.org\/es\/library\/text-books-philosophy-anthropology\/cultural-theory\/modernity-life-documenta-12\/","title":{"rendered":"\u00bfModernidad? \u00a1Vida! Documenta 12"},"content":{"rendered":"<p>Esta pintura fue hecha al tama\u00f1o original del libro \u00ab\u00bfmodernidad? \u00a1vida! Documenta 12\u00bb, publicado por <em>Brumaria<\/em>. El libro re\u00fane ensayos de te\u00f3ricos como Andreas Huyssen, Jacques Ranci\u00e8re o Carlos Jim\u00e9nez que tratan de responder a la pregunta principal de Documenta 12 \u00ab\u00bfEs la modernidad nuestra antiguedad?\u00bb.\u00a0 Este libro biling\u00fce, espa\u00f1ol e ingl\u00e9s fue publicado en 2007.<\/p>","protected":false},"excerpt":{"rendered":"<p><strong>Biblioteca LiMAC<\/strong><br \/>\n2009-2010<br \/>\n\u00f3leo sobre lienzo<br \/>\n24 x 16,5 x 3 cm.<\/p>\n","protected":false},"author":2,"featured_media":1039,"parent":3264,"menu_order":277,"comment_status":"open","ping_status":"open","template":"image.php","meta":{"footnotes":""},"class_list":["post-1925","page","type-page","status-publish","has-post-thumbnail","hentry"],"_links":{"self":[{"href":"https:\/\/li-mac.org\/es\/wp-json\/wp\/v2\/pages\/1925","targetHints":{"allow":["GET"]}}],"collection":[{"href":"https:\/\/li-mac.org\/es\/wp-json\/wp\/v2\/pages"}],"about":[{"href":"https:\/\/li-mac.org\/es\/wp-json\/wp\/v2\/types\/page"}],"author":[{"embeddable":true,"href":"https:\/\/li-mac.org\/es\/wp-json\/wp\/v2\/users\/2"}],"replies":[{"embeddable":true,"href":"https:\/\/li-mac.org\/es\/wp-json\/wp\/v2\/comments?post=1925"}],"version-history":[{"count":8,"href":"https:\/\/li-mac.org\/es\/wp-json\/wp\/v2\/pages\/1925\/revisions"}],"predecessor-version":[{"id":11625,"href":"https:\/\/li-mac.org\/es\/wp-json\/wp\/v2\/pages\/1925\/revisions\/11625"}],"up":[{"embeddable":true,"href":"https:\/\/li-mac.org\/es\/wp-json\/wp\/v2\/pages\/3264"}],"wp:featuredmedia":[{"embeddable":true,"href":"https:\/\/li-mac.org\/es\/wp-json\/wp\/v2\/media\/1039"}],"wp:attachment":[{"href":"https:\/\/li-mac.org\/es\/wp-json\/wp\/v2\/media?parent=1925"}],"curies":[{"name":"wp","href":"https:\/\/api.w.org\/{rel}","templated":true}]}}