{"id":19253,"date":"2013-12-31T01:53:03","date_gmt":"2013-12-31T01:53:03","guid":{"rendered":"http:\/\/li-mac.org\/?page_id=19253"},"modified":"2014-01-04T20:09:34","modified_gmt":"2014-01-04T20:09:34","slug":"astilhaografo","status":"publish","type":"page","link":"https:\/\/li-mac.org\/es\/collection\/limac-collection\/rogelio-lopez-cuenca\/works\/astilhaografo\/","title":{"rendered":"Astilh\u00e3ografo"},"content":{"rendered":"<p><strong style=\"font-size: 13px; line-height: 19px;\">Astilh\u00e3ografo <\/strong><span style=\"font-size: 13px; line-height: 19px;\">(re)utiliza elementos visuales y textuales que se refieren a los dos espacios b\u00e1sicos de la ciudad, el p\u00fablico y el privado, la casa y la calle: a la publicidad de las agencias inmobiliarias, los anuncios por palabras, por un lado y, por otro, a los sistemas de se\u00f1alizaci\u00f3n del espacio urbano, las l\u00edneas de transporte metropolitanas\u2026 y mediante ellos, se propone una deriva por la historia de la ciudad, desde la arquitectura, la literatura y el arte, a trav\u00e9s de la figura del mecenas (Ciccillo Matarazzo, el fundador de la Bienal en 1951),\u00a0 al mundo del trabajo, a la explotaci\u00f3n y a la resistencia, pol\u00edtica y cultural, a las culturas populares y la creatividad \u201csubalterna\u201d, a la poes\u00eda popular y a las canciones propias de las diferentes comunidades inmigradas, haciendo uso de los diversas lenguas habladas en S\u00e3o Paulo hoy d\u00eda o en cualquier momento a lo largo de su historia \u2013 del tupi ind\u00edgena al portugu\u00e9s, franc\u00e9s o japon\u00e9s, al ruso, alem\u00e1n, \u00e1rabe, espa\u00f1ol \u2026 veh\u00edculo y marco de las m\u00faltiples Lebensformen de los habitantes de un mismo si bien complejo, heterog\u00e9neo y polis\u00e9mico territorio\u2026 circulando por las microfisuras que corroen y ponen en comunicaci\u00f3n las divisiones entre dentro y fuera, entre centro y periferia, admisi\u00f3n y exclusi\u00f3n, pertenecer o no, quedarse o pasar\u2026 un recorrido que se constituye mediante asociaciones po\u00e9ticas: de la l\u00ednea del metro de S\u00e3o Paulo a las l\u00edneas de puntos que dibujan en los mapas el trazado del tren o las fronteras, a la l\u00ednea ideal del Ecuador que separando Norte y Sur globales, quiebra el mundo entre pobres y ricos, las l\u00edneas de la mano en que el destino de la personas quiere ser le\u00eddo, al hilo que en las manos de una trabajadora \u201csumergida\u201d de la industria textil hilvana, trabajo negro, la esclavitud con su emancipaci\u00f3n.<\/span><\/p>","protected":false},"excerpt":{"rendered":"<p><strong>Rogelio L\u00f3pez Cuenca<\/strong> <small>(Espa\u00f1a,1959)<\/small><br \/>\n2002<br \/>\nInstalaci\u00f3n multimedia<br \/>\nDimensiones variables<\/p>\n<p><small><a href=\"http:\/\/www.lopezcuenca.com\/\" rel=\"external\">(Cortesia del artista)<\/a><\/small><\/p>\n","protected":false},"author":3,"featured_media":18413,"parent":19207,"menu_order":48,"comment_status":"open","ping_status":"open","template":"image.php","meta":{"footnotes":""},"class_list":["post-19253","page","type-page","status-publish","has-post-thumbnail","hentry"],"_links":{"self":[{"href":"https:\/\/li-mac.org\/es\/wp-json\/wp\/v2\/pages\/19253","targetHints":{"allow":["GET"]}}],"collection":[{"href":"https:\/\/li-mac.org\/es\/wp-json\/wp\/v2\/pages"}],"about":[{"href":"https:\/\/li-mac.org\/es\/wp-json\/wp\/v2\/types\/page"}],"author":[{"embeddable":true,"href":"https:\/\/li-mac.org\/es\/wp-json\/wp\/v2\/users\/3"}],"replies":[{"embeddable":true,"href":"https:\/\/li-mac.org\/es\/wp-json\/wp\/v2\/comments?post=19253"}],"version-history":[{"count":9,"href":"https:\/\/li-mac.org\/es\/wp-json\/wp\/v2\/pages\/19253\/revisions"}],"predecessor-version":[{"id":19660,"href":"https:\/\/li-mac.org\/es\/wp-json\/wp\/v2\/pages\/19253\/revisions\/19660"}],"up":[{"embeddable":true,"href":"https:\/\/li-mac.org\/es\/wp-json\/wp\/v2\/pages\/19207"}],"wp:featuredmedia":[{"embeddable":true,"href":"https:\/\/li-mac.org\/es\/wp-json\/wp\/v2\/media\/18413"}],"wp:attachment":[{"href":"https:\/\/li-mac.org\/es\/wp-json\/wp\/v2\/media?parent=19253"}],"curies":[{"name":"wp","href":"https:\/\/api.w.org\/{rel}","templated":true}]}}