{"id":19257,"date":"2013-12-31T02:28:55","date_gmt":"2013-12-31T02:28:55","guid":{"rendered":"http:\/\/li-mac.org\/?page_id=19257"},"modified":"2014-01-04T21:30:15","modified_gmt":"2014-01-04T21:30:15","slug":"canto-vi","status":"publish","type":"page","link":"https:\/\/li-mac.org\/es\/collection\/limac-collection\/rogelio-lopez-cuenca\/works\/canto-vi\/","title":{"rendered":"Canto VI"},"content":{"rendered":"<p><span style=\"font-size: 13px; line-height: 19px;\">\u2014\u00a1Ay de m\u00ed! \u00bfQu\u00e9 hombres deben de habitar esta tierra a que he llegado? \u00bfSer\u00e1n violentos, salvajes e injustos, u hospitalarios y temerosos de los dioses?<\/span><\/p>\n<p>(&#8230;)<\/p>\n<p>\u2014\u00a1Deteneos! \u00bfAd\u00f3nde hu\u00eds? \u00bfPens\u00e1is acaso que sea este hombre un enemigo? No hay ni habr\u00e1 nunca un mortal terrible que venga a hostilizar la tierra de los feacios pues a \u00e9stos los quieren mucho los inmortales. Vivimos separadamente y nos circunda el mar alborotado; somos los \u00faltimos de los hombres, y ning\u00fan otro mortal tiene comercio con nosotros. Este es un infeliz que viene perdido y es necesario socorrerle, pues todos los forasteros y pobres son de Zeus y un exiguo don que se les haga les es grato. As\u00ed, pues, esclavas, dadle de comer y de beber al forastero, y lavadle en el r\u00edo, en un lugar que est\u00e9 resguardado del viento.<\/p>\n<p>Odisea, Canto VI.<br \/>\nEn nuestro siglo la hospitalidad ha sido desplazada por la hosteler\u00eda; cuando encontramos la palabra en letra impresa o la escuchamos en boca de alguien, aparece siempre en el contexto de la oferta mercantil: ya sea el paquete vacacional, el servicio hotelero o el trato que nos dispensa la azafata. La hospitalidad se ha vuelto una mercanc\u00eda, de lujo por cierto, un servicio que se provee cuando se paga al contado o, mejor a\u00fan, cuando se garantiza con el voucher firmado de una linajuda tarjeta de cr\u00e9dito. En este mundo del intercambio econ\u00f3mico quedamos desprotegidos si carecemos del escudo de American Express o MasterCard. Nuestro \u00fanico resguardo es el saldo de nuestro pl\u00e1stico.<\/p>\n<p>H\u00e9ctor Zagal y Juli\u00e1n Etienne, Sobre la Hospitalidad<\/p>","protected":false},"excerpt":{"rendered":"<p><strong>Rogelio L\u00f3pez Cuenca<\/strong> <small>(Espa\u00f1a,1959)<\/small><br \/>\n2005<br \/>\nVideo<br \/>\n5\u201940\u201d<\/p>\n<p><small><a href=\"http:\/\/www.lopezcuenca.com\/\" rel=\"external\">(Cortesia del artista)<\/a><\/small><\/p>\n","protected":false},"author":3,"featured_media":19036,"parent":19207,"menu_order":50,"comment_status":"open","ping_status":"open","template":"image.php","meta":{"footnotes":""},"class_list":["post-19257","page","type-page","status-publish","has-post-thumbnail","hentry"],"_links":{"self":[{"href":"https:\/\/li-mac.org\/es\/wp-json\/wp\/v2\/pages\/19257","targetHints":{"allow":["GET"]}}],"collection":[{"href":"https:\/\/li-mac.org\/es\/wp-json\/wp\/v2\/pages"}],"about":[{"href":"https:\/\/li-mac.org\/es\/wp-json\/wp\/v2\/types\/page"}],"author":[{"embeddable":true,"href":"https:\/\/li-mac.org\/es\/wp-json\/wp\/v2\/users\/3"}],"replies":[{"embeddable":true,"href":"https:\/\/li-mac.org\/es\/wp-json\/wp\/v2\/comments?post=19257"}],"version-history":[{"count":13,"href":"https:\/\/li-mac.org\/es\/wp-json\/wp\/v2\/pages\/19257\/revisions"}],"predecessor-version":[{"id":19665,"href":"https:\/\/li-mac.org\/es\/wp-json\/wp\/v2\/pages\/19257\/revisions\/19665"}],"up":[{"embeddable":true,"href":"https:\/\/li-mac.org\/es\/wp-json\/wp\/v2\/pages\/19207"}],"wp:featuredmedia":[{"embeddable":true,"href":"https:\/\/li-mac.org\/es\/wp-json\/wp\/v2\/media\/19036"}],"wp:attachment":[{"href":"https:\/\/li-mac.org\/es\/wp-json\/wp\/v2\/media?parent=19257"}],"curies":[{"name":"wp","href":"https:\/\/api.w.org\/{rel}","templated":true}]}}