{"id":1931,"date":"2011-09-01T10:13:15","date_gmt":"2011-09-01T10:13:15","guid":{"rendered":"http:\/\/li-mac.org\/wp\/"},"modified":"2012-01-18T03:19:00","modified_gmt":"2012-01-18T03:19:00","slug":"why-asia","status":"publish","type":"page","link":"https:\/\/li-mac.org\/es\/library\/text-books-philosophy-anthropology\/cultural-theory\/why-asia\/","title":{"rendered":"\u00bfPorque Asia?"},"content":{"rendered":"<p>Esta pintura fue hecha al tama\u00f1o original del libro \u00ab\u00bfPor qu\u00e9 Asia?\u00bb escrito por la cr\u00edtica y comisaria Alice Yang. El libro ofrece un amplio estudio sobre las diferencias culturales entre los artistas contempor\u00e1neos asi\u00e1ticos y da nuevas perespectivas sobre las artes que emergen en esas regiones mediante entrevistas, rese\u00f1as y ensayos. Esta edici\u00f3n inglesa fue publicada en 1998 por <em>New York University Press<\/em>.<\/p>","protected":false},"excerpt":{"rendered":"<p><strong>Biblioteca LiMAC<\/strong><br \/>\n2009-2010<br \/>\n\u00f3leo sobre lienzo<br \/>\n21,5 x 16 x 2 cm.<\/p>\n","protected":false},"author":2,"featured_media":1057,"parent":3264,"menu_order":876,"comment_status":"open","ping_status":"open","template":"image.php","meta":{"footnotes":""},"class_list":["post-1931","page","type-page","status-publish","has-post-thumbnail","hentry"],"_links":{"self":[{"href":"https:\/\/li-mac.org\/es\/wp-json\/wp\/v2\/pages\/1931","targetHints":{"allow":["GET"]}}],"collection":[{"href":"https:\/\/li-mac.org\/es\/wp-json\/wp\/v2\/pages"}],"about":[{"href":"https:\/\/li-mac.org\/es\/wp-json\/wp\/v2\/types\/page"}],"author":[{"embeddable":true,"href":"https:\/\/li-mac.org\/es\/wp-json\/wp\/v2\/users\/2"}],"replies":[{"embeddable":true,"href":"https:\/\/li-mac.org\/es\/wp-json\/wp\/v2\/comments?post=1931"}],"version-history":[{"count":8,"href":"https:\/\/li-mac.org\/es\/wp-json\/wp\/v2\/pages\/1931\/revisions"}],"predecessor-version":[{"id":11635,"href":"https:\/\/li-mac.org\/es\/wp-json\/wp\/v2\/pages\/1931\/revisions\/11635"}],"up":[{"embeddable":true,"href":"https:\/\/li-mac.org\/es\/wp-json\/wp\/v2\/pages\/3264"}],"wp:featuredmedia":[{"embeddable":true,"href":"https:\/\/li-mac.org\/es\/wp-json\/wp\/v2\/media\/1057"}],"wp:attachment":[{"href":"https:\/\/li-mac.org\/es\/wp-json\/wp\/v2\/media?parent=1931"}],"curies":[{"name":"wp","href":"https:\/\/api.w.org\/{rel}","templated":true}]}}