{"id":1937,"date":"2011-09-01T11:17:05","date_gmt":"2011-09-01T11:17:05","guid":{"rendered":"http:\/\/li-mac.org\/wp\/"},"modified":"2014-01-05T00:40:34","modified_gmt":"2014-01-05T00:40:34","slug":"the-vital-illusion","status":"publish","type":"page","link":"https:\/\/li-mac.org\/es\/library\/text-books-philosophy-anthropology\/philosophy\/the-vital-illusion\/","title":{"rendered":"La ilusi\u00f3n vital"},"content":{"rendered":"<p>Esta pintura fue hecha al tama\u00f1o original del libro \u00abLa ilusi\u00f3n vital\u00bb, escrito por Jean Baudrillard. El fil\u00f3sofo presta atenci\u00f3n a la clonaci\u00f3n y a los simulacros, como fen\u00f3menos que favorecen la falta de diversidad en la sociedad y que har\u00edan retroceder la historia. Esta edici\u00f3n en castellano fue publicada en 2002 por <em>Siglo XXI Editores de Espa\u00f1a<\/em>.<\/p>","protected":false},"excerpt":{"rendered":"<p><strong>Biblioteca LiMAC<\/strong><br \/>\n2009-2010<br \/>\n\u00f3leo sobre lienzo<br \/>\n21 x 13,5 x 1 cm.<\/p>\n","protected":false},"author":2,"featured_media":1019,"parent":3222,"menu_order":857,"comment_status":"open","ping_status":"open","template":"image.php","meta":{"footnotes":""},"class_list":["post-1937","page","type-page","status-publish","has-post-thumbnail","hentry"],"_links":{"self":[{"href":"https:\/\/li-mac.org\/es\/wp-json\/wp\/v2\/pages\/1937","targetHints":{"allow":["GET"]}}],"collection":[{"href":"https:\/\/li-mac.org\/es\/wp-json\/wp\/v2\/pages"}],"about":[{"href":"https:\/\/li-mac.org\/es\/wp-json\/wp\/v2\/types\/page"}],"author":[{"embeddable":true,"href":"https:\/\/li-mac.org\/es\/wp-json\/wp\/v2\/users\/2"}],"replies":[{"embeddable":true,"href":"https:\/\/li-mac.org\/es\/wp-json\/wp\/v2\/comments?post=1937"}],"version-history":[{"count":9,"href":"https:\/\/li-mac.org\/es\/wp-json\/wp\/v2\/pages\/1937\/revisions"}],"predecessor-version":[{"id":19747,"href":"https:\/\/li-mac.org\/es\/wp-json\/wp\/v2\/pages\/1937\/revisions\/19747"}],"up":[{"embeddable":true,"href":"https:\/\/li-mac.org\/es\/wp-json\/wp\/v2\/pages\/3222"}],"wp:featuredmedia":[{"embeddable":true,"href":"https:\/\/li-mac.org\/es\/wp-json\/wp\/v2\/media\/1019"}],"wp:attachment":[{"href":"https:\/\/li-mac.org\/es\/wp-json\/wp\/v2\/media?parent=1937"}],"curies":[{"name":"wp","href":"https:\/\/api.w.org\/{rel}","templated":true}]}}