{"id":19386,"date":"2014-01-03T15:52:12","date_gmt":"2014-01-03T15:52:12","guid":{"rendered":"http:\/\/li-mac.org\/?page_id=19386"},"modified":"2014-01-05T20:13:40","modified_gmt":"2014-01-05T20:13:40","slug":"walls","status":"publish","type":"page","link":"https:\/\/li-mac.org\/es\/collection\/limac-collection\/rogelio-lopez-cuenca\/works\/walls\/","title":{"rendered":"Walls"},"content":{"rendered":"<p>Sin consideraci\u00f3n, sin piedad, sin verg\u00fcenza<\/p>\n<p>han construido grandes y altos muros en torno a m\u00ed.<\/p>\n<p>Y ahora estoy sentado aqu\u00ed, desesperando.<\/p>\n<p>no pienso en nada m\u00e1s: este destino roe mi mente;<\/p>\n<p>pues ten\u00eda mucho que hacer afuera.<\/p>\n<p>\u00bfY por qu\u00e9 no los vi cuando levantaban los muros?<\/p>\n<p>Pero nunca escuch\u00e9 el ruido o sonido de los constructores.<\/p>\n<p>Imperceptiblemente me encerraron, fuera del mundo.<\/p>\n<p>&nbsp;<\/p>\n<p>Konstandinos Kavafis: Walls (Muros), 1896.<\/p>\n<p>&nbsp;<\/p>\n<p>Walls (Muros) se constituye como un doble texto, una doble proyecci\u00f3n; una, construida a partir de las grabaciones de las c\u00e1maras de vigilancia de la infame valla de la verg\u00fcenza en la ciudad de Melilla, bajo las que, a modo de subt\u00edtulo corren los datos de un canal de televisi\u00f3n dedicado a la informaci\u00f3n financiera; la otra recoge documentaci\u00f3n de los espacios fronterizos de Tijuana y Melilla y el doblaje, la doble lectura, la traducci\u00f3n (al castellano y al ingl\u00e9s) del cl\u00e1sico poema de Kavafis, \u201cMuros\u201d, y lo pone a significar en un contexto y con una intenci\u00f3n completamente diferentes a las que lo originaron y que sin embargo, en la expresi\u00f3n de su \u00edntima desesperaci\u00f3n, es capaz de desdoblarnos en el lugar del otro.<\/p>","protected":false},"excerpt":{"rendered":"<p><strong>Rogelio L\u00f3pez Cuenca<\/strong> <small>(Espa\u00f1a,1959)<\/small><br \/>\n<strong>Elo Vega<\/strong> <small>(Espa\u00f1a,1967)<\/small><br \/>\n<strong>Rafael Marchante<\/strong> <small>(Espa\u00f1a,1972)<\/small><br \/>\n2006<br \/>\nVideo instalaci\u00f3n<br \/>\n8\u201950\u201d<\/p>\n<p><small><a href=\"http:\/\/www.lopezcuenca.com\/\" rel=\"external\">(Cortesia de los  artistas)<\/a><\/small><\/p>\n","protected":false},"author":3,"featured_media":19065,"parent":19207,"menu_order":53,"comment_status":"open","ping_status":"open","template":"image.php","meta":{"footnotes":""},"class_list":["post-19386","page","type-page","status-publish","has-post-thumbnail","hentry"],"_links":{"self":[{"href":"https:\/\/li-mac.org\/es\/wp-json\/wp\/v2\/pages\/19386","targetHints":{"allow":["GET"]}}],"collection":[{"href":"https:\/\/li-mac.org\/es\/wp-json\/wp\/v2\/pages"}],"about":[{"href":"https:\/\/li-mac.org\/es\/wp-json\/wp\/v2\/types\/page"}],"author":[{"embeddable":true,"href":"https:\/\/li-mac.org\/es\/wp-json\/wp\/v2\/users\/3"}],"replies":[{"embeddable":true,"href":"https:\/\/li-mac.org\/es\/wp-json\/wp\/v2\/comments?post=19386"}],"version-history":[{"count":13,"href":"https:\/\/li-mac.org\/es\/wp-json\/wp\/v2\/pages\/19386\/revisions"}],"predecessor-version":[{"id":19781,"href":"https:\/\/li-mac.org\/es\/wp-json\/wp\/v2\/pages\/19386\/revisions\/19781"}],"up":[{"embeddable":true,"href":"https:\/\/li-mac.org\/es\/wp-json\/wp\/v2\/pages\/19207"}],"wp:featuredmedia":[{"embeddable":true,"href":"https:\/\/li-mac.org\/es\/wp-json\/wp\/v2\/media\/19065"}],"wp:attachment":[{"href":"https:\/\/li-mac.org\/es\/wp-json\/wp\/v2\/media?parent=19386"}],"curies":[{"name":"wp","href":"https:\/\/api.w.org\/{rel}","templated":true}]}}