{"id":1939,"date":"2011-09-01T11:27:46","date_gmt":"2011-09-01T11:27:46","guid":{"rendered":"http:\/\/li-mac.org\/wp\/"},"modified":"2012-01-18T22:43:28","modified_gmt":"2012-01-18T22:43:28","slug":"culture-metaculture","status":"publish","type":"page","link":"https:\/\/li-mac.org\/es\/library\/text-books-philosophy-anthropology\/cultural-theory\/culture-metaculture\/","title":{"rendered":"Cultura \/ Metacultura"},"content":{"rendered":"<p>Esta pintura fue hecha al tama\u00f1o original del libro \u00abCultura \/ metacultura\u00bb, escrito por el profesor de estudios cr\u00edticos Francis Mulhern. El ensayo examina el pensamiento cr\u00edtico contempor\u00e1neo como una manera de luchar contra la uniformidad de las masas. Esta edici\u00f3n inglesa fue publicada por <em>Routledge<\/em> en 2000.<\/p>","protected":false},"excerpt":{"rendered":"<p><strong>Biblioteca LiMAC<\/strong><br \/>\n2009-2010<br \/>\n\u00f3leo sobre lienzo<br \/>\n19,5 x 12,5 x 1,5 cm.<\/p>\n","protected":false},"author":2,"featured_media":1022,"parent":3264,"menu_order":265,"comment_status":"open","ping_status":"open","template":"image.php","meta":{"footnotes":""},"class_list":["post-1939","page","type-page","status-publish","has-post-thumbnail","hentry"],"_links":{"self":[{"href":"https:\/\/li-mac.org\/es\/wp-json\/wp\/v2\/pages\/1939","targetHints":{"allow":["GET"]}}],"collection":[{"href":"https:\/\/li-mac.org\/es\/wp-json\/wp\/v2\/pages"}],"about":[{"href":"https:\/\/li-mac.org\/es\/wp-json\/wp\/v2\/types\/page"}],"author":[{"embeddable":true,"href":"https:\/\/li-mac.org\/es\/wp-json\/wp\/v2\/users\/2"}],"replies":[{"embeddable":true,"href":"https:\/\/li-mac.org\/es\/wp-json\/wp\/v2\/comments?post=1939"}],"version-history":[{"count":10,"href":"https:\/\/li-mac.org\/es\/wp-json\/wp\/v2\/pages\/1939\/revisions"}],"predecessor-version":[{"id":12191,"href":"https:\/\/li-mac.org\/es\/wp-json\/wp\/v2\/pages\/1939\/revisions\/12191"}],"up":[{"embeddable":true,"href":"https:\/\/li-mac.org\/es\/wp-json\/wp\/v2\/pages\/3264"}],"wp:featuredmedia":[{"embeddable":true,"href":"https:\/\/li-mac.org\/es\/wp-json\/wp\/v2\/media\/1022"}],"wp:attachment":[{"href":"https:\/\/li-mac.org\/es\/wp-json\/wp\/v2\/media?parent=1939"}],"curies":[{"name":"wp","href":"https:\/\/api.w.org\/{rel}","templated":true}]}}