{"id":19396,"date":"2014-01-03T16:59:26","date_gmt":"2014-01-03T16:59:26","guid":{"rendered":"http:\/\/li-mac.org\/?page_id=19396"},"modified":"2014-01-05T19:59:04","modified_gmt":"2014-01-05T19:59:04","slug":"malaga-1937","status":"publish","type":"page","link":"https:\/\/li-mac.org\/es\/collection\/limac-collection\/rogelio-lopez-cuenca\/works\/malaga-1937\/","title":{"rendered":"M\u00e1laga 1937"},"content":{"rendered":"<p>La evacuaci\u00f3n en masa de la poblaci\u00f3n civil de M\u00e1laga comenz\u00f3 el domingo d\u00eda 7 (de febrero de 1937). Veinticinco mil tropas alemanas, italianas y moras entraron en la ciudad el lunes d\u00eda 8 por la ma\u00f1ana; tanques, submarinos, barcos de guerra, aviones, todos a la vez para aplastar a las defensas de la ciudad mantenidas por un peque\u00f1o y heroico grupo de tropas espa\u00f1olas sin tanques, ni aviones que los defendieran.<\/p>\n<p>(\u2026) imag\u00ednense a ciento cincuenta mil hombres, mujeres y ni\u00f1os disponi\u00e9ndose a marcharse en b\u00fasqueda de seguridad hacia una ciudad situada a m\u00e1s de cien millas. Hay una \u00fanica carretera que pueden tomar. No hay ninguna otra manera de escapar. Esto carretera, lim\u00edtrofe por un lado, con las altas monta\u00f1as de Sierra Nevada, y por el otro, con el mar est\u00e1 construida sobre la ladera de linos acantiladas y sube y baja a m\u00e1s de 500 pies por encima del nivel del mar. La ciudad que deben alcanzar es Almer\u00eda y est\u00e1 a m\u00e1s de doscientos kil\u00f3metros m\u00e1s all\u00e1. (\u2026) El viaje a que estas mujeres, ancianos y ni\u00f1os deb\u00edan enfrentarse les llevar\u00e1 a cinco d\u00edas y cinco noches de camino, al menos. No encontrar\u00e1n alimentos en los pueblos, tampoco \u00a0trenes, ni autobuses para transportarlos. Tienen que caminar y a medida que van andando se tambalean y tropiezan con los pies llenos de rajas y de heridas por el pedernal de la carretera, los fascistas los bombardean desde el aire y les disparan desde los barcos de guerra.<br \/>\nNorman Bethune: El crimen de la carretera M\u00e1laga-Almer\u00eda. 1937.<\/p>\n<p>..a los tres cuartos de hora, un parte de nuestra aviaci\u00f3n me comunicaba que grandes masas hu\u00edan\u00a0a todo correr hacia Motril. Para acompa\u00f1arles\u00a0en su huida y hacerles correr m\u00e1s a prisa, enviamos\u00a0a nuestra aviaci\u00f3n que bombarde\u00f3 incendiando algunos camiones.<\/p>\n<p>Gonzalo Queipo de Llano:\u00a0Charla radiof\u00f3nica , Sevilla, 9 febrero 1937.<\/p>","protected":false},"excerpt":{"rendered":"<p><strong>Rogelio L\u00f3pez Cuenca<\/strong> <small>(Espa\u00f1a,1959)<\/small><br \/>\n2007<br \/>\nProyecto multimedia de recuperaci\u00f3n de la memoria hist\u00f3rica;<br \/>\nincluye publicaciones, una exposici\u00f3n, intervenciones en espacios p\u00fablicos y un sitio web<\/p>\n<p><small><a href=\"http:\/\/www.malaga1937.net\/\" rel=\"external\">M\u00e1laga1937.net<\/a><\/small><\/p>\n<p><small><a href=\"http:\/\/www.lopezcuenca.com\/\" rel=\"external\">(Cortesia del artista)<\/a><\/small><\/p>\n","protected":false},"author":3,"featured_media":19072,"parent":19207,"menu_order":54,"comment_status":"open","ping_status":"open","template":"image.php","meta":{"footnotes":""},"class_list":["post-19396","page","type-page","status-publish","has-post-thumbnail","hentry"],"_links":{"self":[{"href":"https:\/\/li-mac.org\/es\/wp-json\/wp\/v2\/pages\/19396","targetHints":{"allow":["GET"]}}],"collection":[{"href":"https:\/\/li-mac.org\/es\/wp-json\/wp\/v2\/pages"}],"about":[{"href":"https:\/\/li-mac.org\/es\/wp-json\/wp\/v2\/types\/page"}],"author":[{"embeddable":true,"href":"https:\/\/li-mac.org\/es\/wp-json\/wp\/v2\/users\/3"}],"replies":[{"embeddable":true,"href":"https:\/\/li-mac.org\/es\/wp-json\/wp\/v2\/comments?post=19396"}],"version-history":[{"count":13,"href":"https:\/\/li-mac.org\/es\/wp-json\/wp\/v2\/pages\/19396\/revisions"}],"predecessor-version":[{"id":19699,"href":"https:\/\/li-mac.org\/es\/wp-json\/wp\/v2\/pages\/19396\/revisions\/19699"}],"up":[{"embeddable":true,"href":"https:\/\/li-mac.org\/es\/wp-json\/wp\/v2\/pages\/19207"}],"wp:featuredmedia":[{"embeddable":true,"href":"https:\/\/li-mac.org\/es\/wp-json\/wp\/v2\/media\/19072"}],"wp:attachment":[{"href":"https:\/\/li-mac.org\/es\/wp-json\/wp\/v2\/media?parent=19396"}],"curies":[{"name":"wp","href":"https:\/\/api.w.org\/{rel}","templated":true}]}}