{"id":19402,"date":"2014-01-03T17:43:45","date_gmt":"2014-01-03T17:43:45","guid":{"rendered":"http:\/\/li-mac.org\/?page_id=19402"},"modified":"2014-01-05T23:45:36","modified_gmt":"2014-01-05T23:45:36","slug":"human-heat","status":"publish","type":"page","link":"https:\/\/li-mac.org\/es\/collection\/limac-collection\/rogelio-lopez-cuenca\/works\/human-heat\/","title":{"rendered":"Calor Humano"},"content":{"rendered":"<p>La temperatura normal de un cuerpo humano vivo es de 36,5 grados cent\u00edgrados.<\/p>\n<p>El \u00faltimo adelanto militar-policiaco son las c\u00e1maras t\u00e9rmicas: captan a distancia el calor humano de una patera; cuentan las fuentes de calor, 10, 15, 30 personas. Imagino que, si se le pide precisi\u00f3n a la m\u00e1quina inteligente, dar\u00e1 la edad, la salud, la tensi\u00f3n arterial de cada individuo<\/p>\n<p>(&#8230;)<\/p>\n<p>ojos electr\u00f3nicos que ven lo invisible, teleterm\u00f3metros descubridores de que el intruso se acerca como una fiebre de consecuencias impredecibles. Las m\u00e1quinas de detecci\u00f3n del calor humano contenido en una patera mandar\u00e1n sus datos a una base de Algeciras, oficina central del calor humano. Yo cre\u00eda que el calor humano ten\u00eda que ver con el afecto y el abrazo, pero ha resultado ser un medio para localizar al indeseable, y aislarlo y alejarlo. El calor humano pesa en los sensores policiales m\u00e1s que una barca con 30 pasajeros.<\/p>\n<p>Consuela saber que los fuertes son inexorablemente delicados.<\/p>\n<p>Justo Navarro: Calor humano.<\/p>\n<p>Calor humano fue producido para los t\u00edtulos de cr\u00e9dito de la pel\u00edcula \u00abRetorno a Hansala\u00bb de Chus Guti\u00e9rrez, por iniciativa del MUSAC y se mostr\u00f3 en este museo, en la exposici\u00f3n del mismo nombre en 2008.<\/p>\n<p>&nbsp;<\/p>\n<p>&nbsp;<\/p>","protected":false},"excerpt":{"rendered":"<p><strong>Rogelio L\u00f3pez Cuenca<\/strong> <small>(Espa\u00f1a,1959)<\/small><br \/>\n2008<br \/>\nVideo<br \/>\n3\u201938\u201d<\/p>\n<p><small><a href=\"http:\/\/musac.es\/\/\" rel=\"external\">(Cortesia del MUSAC)<\/a><\/small><br \/>\n<small><a href=\"http:\/\/www.lopezcuenca.com\/\" rel=\"external\">(Cortesia del artista)<\/a><\/small><\/p>\n","protected":false},"author":3,"featured_media":19083,"parent":19207,"menu_order":55,"comment_status":"open","ping_status":"open","template":"image.php","meta":{"footnotes":""},"class_list":["post-19402","page","type-page","status-publish","has-post-thumbnail","hentry"],"_links":{"self":[{"href":"https:\/\/li-mac.org\/es\/wp-json\/wp\/v2\/pages\/19402","targetHints":{"allow":["GET"]}}],"collection":[{"href":"https:\/\/li-mac.org\/es\/wp-json\/wp\/v2\/pages"}],"about":[{"href":"https:\/\/li-mac.org\/es\/wp-json\/wp\/v2\/types\/page"}],"author":[{"embeddable":true,"href":"https:\/\/li-mac.org\/es\/wp-json\/wp\/v2\/users\/3"}],"replies":[{"embeddable":true,"href":"https:\/\/li-mac.org\/es\/wp-json\/wp\/v2\/comments?post=19402"}],"version-history":[{"count":20,"href":"https:\/\/li-mac.org\/es\/wp-json\/wp\/v2\/pages\/19402\/revisions"}],"predecessor-version":[{"id":19405,"href":"https:\/\/li-mac.org\/es\/wp-json\/wp\/v2\/pages\/19402\/revisions\/19405"}],"up":[{"embeddable":true,"href":"https:\/\/li-mac.org\/es\/wp-json\/wp\/v2\/pages\/19207"}],"wp:featuredmedia":[{"embeddable":true,"href":"https:\/\/li-mac.org\/es\/wp-json\/wp\/v2\/media\/19083"}],"wp:attachment":[{"href":"https:\/\/li-mac.org\/es\/wp-json\/wp\/v2\/media?parent=19402"}],"curies":[{"name":"wp","href":"https:\/\/api.w.org\/{rel}","templated":true}]}}