{"id":19416,"date":"2014-01-03T18:57:30","date_gmt":"2014-01-03T18:57:30","guid":{"rendered":"http:\/\/li-mac.org\/?page_id=19416"},"modified":"2014-01-05T00:30:45","modified_gmt":"2014-01-05T00:30:45","slug":"history-of-two-cities","status":"publish","type":"page","link":"https:\/\/li-mac.org\/es\/collection\/limac-collection\/rogelio-lopez-cuenca\/works\/history-of-two-cities\/","title":{"rendered":"Historia de dos ciudades"},"content":{"rendered":"<p>Producido para la exposici\u00f3n Atop\u00eda (CCCB, Barcelona, 2010), <strong>Historia de dos ciudades<\/strong> es un v\u00eddeo-ensayo sobre la extraterritorialidad del Sahara Occidental, el antiguo \u2013hasta 1975- Sahara Espa\u00f1ol, un poema trata no s\u00f3lo de una cultura extra\u00f1a (o extra\u00f1ada) sino tambi\u00e9n, y mucho, sobre la expatriaci\u00f3n&#8230; una mapa alter-geogr\u00e1fico esbozado desde las vidas particulares de unos individuos en cuya vida diaria la excepcionalidad se ha hecho rutina, donde la norma es una emergencia erosionada por el d\u00eda a d\u00eda, en el contexto de una globalizaci\u00f3n que, en una situaci\u00f3n concebida desde la temporalidad pero que se sospecha permanente, construye la transnacionalidad, el\u00a0 estar sin ser de una identidades performativas, que se ven obligadas a construirse m\u00e1s all\u00e1 de los relatos originarios &#8211; si bien estos est\u00e1n muy presentes y con frecuencia sometidos a una intensa mitologizaci\u00f3n, idealizaci\u00f3n pero tambi\u00e9n demonizaci\u00f3n-, en una inestable y continua negociaci\u00f3n con una situaci\u00f3n siempre cambiante, en una sociedad tambi\u00e9n en construcci\u00f3n &#8211; ebido, entre otras cosas, a su presencia-. El retrato, necesariamente perecedero, de esta suspensi\u00f3n hace uso de grabaciones propias y ajenas para remarcar el hecho, recurrente, del ser narrados por otros, ideados por otros (pel\u00edculas, ficci\u00f3n, documentales, de \u00abautor\u00bb pero tambi\u00e9n Youtube, donde se hacen p\u00fablicas autorrepresentaciones hasta hace muy poco dif\u00edcilmente inimaginables). El fragmento es aqu\u00ed la unidad b\u00e1sica:\u00a0 una polifon\u00eda (\u00bfuna cacofon\u00eda?) que no ignora la interrelaci\u00f3n macro\/micro como \u00fanica aceptable opci\u00f3n narrativa ante la obligaci\u00f3n no solo de dudar de la posibilidad no ya de alg\u00fan \u00abrealismo\u00bb sino de la realidad misma.<\/p>","protected":false},"excerpt":{"rendered":"<p><strong>Rogelio L\u00f3pez Cuenca<\/strong> <small>(Espa\u00f1a,1959)<\/small><br \/>\n<strong>Elo Vega<\/strong> <small>(Espa\u00f1a,1967)<\/small><br \/>\n2010<br \/>\nVideo<br \/>\n43\u201914\u201d<\/p>\n<p><small><a href=\"http:\/\/www.lopezcuenca.com\/\" rel=\"external\">(Cortesia de los  artistas)<\/a><\/small><\/p>\n","protected":false},"author":3,"featured_media":19096,"parent":19207,"menu_order":57,"comment_status":"open","ping_status":"open","template":"image.php","meta":{"footnotes":""},"class_list":["post-19416","page","type-page","status-publish","has-post-thumbnail","hentry"],"_links":{"self":[{"href":"https:\/\/li-mac.org\/es\/wp-json\/wp\/v2\/pages\/19416","targetHints":{"allow":["GET"]}}],"collection":[{"href":"https:\/\/li-mac.org\/es\/wp-json\/wp\/v2\/pages"}],"about":[{"href":"https:\/\/li-mac.org\/es\/wp-json\/wp\/v2\/types\/page"}],"author":[{"embeddable":true,"href":"https:\/\/li-mac.org\/es\/wp-json\/wp\/v2\/users\/3"}],"replies":[{"embeddable":true,"href":"https:\/\/li-mac.org\/es\/wp-json\/wp\/v2\/comments?post=19416"}],"version-history":[{"count":14,"href":"https:\/\/li-mac.org\/es\/wp-json\/wp\/v2\/pages\/19416\/revisions"}],"predecessor-version":[{"id":19742,"href":"https:\/\/li-mac.org\/es\/wp-json\/wp\/v2\/pages\/19416\/revisions\/19742"}],"up":[{"embeddable":true,"href":"https:\/\/li-mac.org\/es\/wp-json\/wp\/v2\/pages\/19207"}],"wp:featuredmedia":[{"embeddable":true,"href":"https:\/\/li-mac.org\/es\/wp-json\/wp\/v2\/media\/19096"}],"wp:attachment":[{"href":"https:\/\/li-mac.org\/es\/wp-json\/wp\/v2\/media?parent=19416"}],"curies":[{"name":"wp","href":"https:\/\/api.w.org\/{rel}","templated":true}]}}