{"id":19426,"date":"2014-01-03T19:32:50","date_gmt":"2014-01-03T19:32:50","guid":{"rendered":"http:\/\/li-mac.org\/?page_id=19426"},"modified":"2014-01-04T23:11:02","modified_gmt":"2014-01-04T23:11:02","slug":"le-partage-sharing","status":"publish","type":"page","link":"https:\/\/li-mac.org\/es\/collection\/limac-collection\/rogelio-lopez-cuenca\/works\/le-partage-sharing\/","title":{"rendered":"Le partage (compartir)"},"content":{"rendered":"<p>El t\u00edtulo, Le Partage, es un pr\u00e9stamo del texto Le partage du sensible<strong> <\/strong>(Jacques Ranciere, 2000), donde el fil\u00f3sofo franc\u00e9s desarrolla una idea est\u00e9tica de la pol\u00edtica seg\u00fan la cual \u00e9sta se estructura sobre una divisi\u00f3n de lo sensible, sobre las formas en que cada \u00e9poca permite ver, escuchar, percibir, nombrar\u2026<\/p>\n<p>&nbsp;<\/p>\n<p>Del mismo modo que las relaciones de poder producen formas est\u00e9ticas, a la inversa, las expresiones culturales constituyen modos de ver, de hacer visible, de representar, de simbolizar poder o contrapoder. Todo acto est\u00e9tico, en tanto que configuraci\u00f3n de la experiencia, por su\u00a0 potencialidad de producir modos de ver, de sentir, de existir, es, por tanto, pol\u00edtico.<\/p>\n<p>&nbsp;<\/p>\n<p>Planteando re-ligar visualidad y pensabilidad, esta serie de v\u00eddeos y de secuencias est\u00e1ticas de im\u00e1genes buscan ser le\u00eddos como un ensayo visual en torno a la distribuci\u00f3n de lo visible \u2013 qu\u00e9 se ve, qu\u00e9 se muestra, qu\u00e9 se exhibe\u2026o, lo que es lo mismo, qui\u00e9n habla, quien tiene la palabra, qu\u00e9 se percibe como lenguaje, autorizado, cargado de sentido y qu\u00e9 como mero ruido\u2026qui\u00e9n mira y qu\u00e9 es mirado: de qu\u00e9 modo la mirada dibuja los cuerpos, su lugar en el mundo.<\/p>\n<p>&nbsp;<\/p>\n<p>&nbsp;<\/p>","protected":false},"excerpt":{"rendered":"<p><strong>Rogelio L\u00f3pez Cuenca<\/strong> <small>(Espa\u00f1a,1959)<\/small><br \/>\n2010<br \/>\nVideoinstalaci\u00f3n<br \/>\nDimensiones variables<\/p>\n<p><small><a href=\"http:\/\/www.lopezcuenca.com\/\" rel=\"external\">(Cortesia del artista, Glaer\u00eda Juana de Aizpuru, Madrid y Pedro Oliveira, Oporto)<\/a><\/small><\/p>\n","protected":false},"author":3,"featured_media":19106,"parent":19207,"menu_order":55,"comment_status":"open","ping_status":"open","template":"image.php","meta":{"footnotes":""},"class_list":["post-19426","page","type-page","status-publish","has-post-thumbnail","hentry"],"_links":{"self":[{"href":"https:\/\/li-mac.org\/es\/wp-json\/wp\/v2\/pages\/19426","targetHints":{"allow":["GET"]}}],"collection":[{"href":"https:\/\/li-mac.org\/es\/wp-json\/wp\/v2\/pages"}],"about":[{"href":"https:\/\/li-mac.org\/es\/wp-json\/wp\/v2\/types\/page"}],"author":[{"embeddable":true,"href":"https:\/\/li-mac.org\/es\/wp-json\/wp\/v2\/users\/3"}],"replies":[{"embeddable":true,"href":"https:\/\/li-mac.org\/es\/wp-json\/wp\/v2\/comments?post=19426"}],"version-history":[{"count":11,"href":"https:\/\/li-mac.org\/es\/wp-json\/wp\/v2\/pages\/19426\/revisions"}],"predecessor-version":[{"id":19715,"href":"https:\/\/li-mac.org\/es\/wp-json\/wp\/v2\/pages\/19426\/revisions\/19715"}],"up":[{"embeddable":true,"href":"https:\/\/li-mac.org\/es\/wp-json\/wp\/v2\/pages\/19207"}],"wp:featuredmedia":[{"embeddable":true,"href":"https:\/\/li-mac.org\/es\/wp-json\/wp\/v2\/media\/19106"}],"wp:attachment":[{"href":"https:\/\/li-mac.org\/es\/wp-json\/wp\/v2\/media?parent=19426"}],"curies":[{"name":"wp","href":"https:\/\/api.w.org\/{rel}","templated":true}]}}